{"id":108,"date":"2026-03-22T16:30:21","date_gmt":"2026-03-22T16:30:21","guid":{"rendered":"http:\/\/hqndhhp.cluster100.hosting.ovh.net\/?page_id=108"},"modified":"2026-04-21T12:04:29","modified_gmt":"2026-04-21T12:04:29","slug":"historique","status":"publish","type":"page","link":"https:\/\/www.avenir-patrimoine.fr\/index.php\/historique\/","title":{"rendered":"Conf\u00e9rences et colloques"},"content":{"rendered":"\n<h2 class=\"wp-block-heading\">Conf\u00e9rences et colloques<\/h2>\n\n\n\n<p><strong>Historique des visites de l&rsquo;Association Avenir &amp; Patrimoine<\/strong><\/p>\n\n\n\n<figure class=\"wp-block-gallery has-nested-images columns-default is-cropped wp-block-gallery-1 is-layout-flex wp-block-gallery-is-layout-flex\">\n<figure class=\"wp-block-image size-full\"><img loading=\"lazy\" decoding=\"async\" width=\"680\" height=\"510\" data-id=\"218\" src=\"http:\/\/hqndhhp.cluster100.hosting.ovh.net\/wp-content\/uploads\/2026\/03\/gypsotheque-versaille.jpg\" alt=\"Le mus\u00e9e du Louvre et sa gypsoth\u00e8que, collection de mod\u00e8les en pl\u00e2tre historiques obtenus par le moulage d'une \u0153uvre.\" class=\"wp-image-218\" srcset=\"https:\/\/www.avenir-patrimoine.fr\/wp-content\/uploads\/2026\/03\/gypsotheque-versaille.jpg 680w, https:\/\/www.avenir-patrimoine.fr\/wp-content\/uploads\/2026\/03\/gypsotheque-versaille-300x225.jpg 300w\" sizes=\"auto, (max-width: 680px) 100vw, 680px\" \/><\/figure>\n\n\n\n<figure class=\"wp-block-image size-full\"><img loading=\"lazy\" decoding=\"async\" width=\"680\" height=\"510\" data-id=\"222\" src=\"http:\/\/hqndhhp.cluster100.hosting.ovh.net\/wp-content\/uploads\/2026\/03\/le-colisee-rome.jpg\" alt=\"Le Colis\u00e9e \u00e0 Rome\" class=\"wp-image-222\" srcset=\"https:\/\/www.avenir-patrimoine.fr\/wp-content\/uploads\/2026\/03\/le-colisee-rome.jpg 680w, https:\/\/www.avenir-patrimoine.fr\/wp-content\/uploads\/2026\/03\/le-colisee-rome-300x225.jpg 300w\" sizes=\"auto, (max-width: 680px) 100vw, 680px\" \/><\/figure>\n\n\n\n<figure class=\"wp-block-image size-full\"><img loading=\"lazy\" decoding=\"async\" width=\"680\" height=\"510\" data-id=\"224\" src=\"http:\/\/hqndhhp.cluster100.hosting.ovh.net\/wp-content\/uploads\/2026\/03\/musee-de-l-homme.jpg\" alt=\"Mus\u00e9e de l'homme \u00e0 Paris\" class=\"wp-image-224\" srcset=\"https:\/\/www.avenir-patrimoine.fr\/wp-content\/uploads\/2026\/03\/musee-de-l-homme.jpg 680w, https:\/\/www.avenir-patrimoine.fr\/wp-content\/uploads\/2026\/03\/musee-de-l-homme-300x225.jpg 300w\" sizes=\"auto, (max-width: 680px) 100vw, 680px\" \/><\/figure>\n\n\n\n<figure class=\"wp-block-image size-full\"><img loading=\"lazy\" decoding=\"async\" width=\"680\" height=\"510\" data-id=\"226\" src=\"http:\/\/hqndhhp.cluster100.hosting.ovh.net\/wp-content\/uploads\/2026\/03\/Tour-eiffel.jpg\" alt=\"La Tour Eiffel devant un coucher de soleil\" class=\"wp-image-226\" srcset=\"https:\/\/www.avenir-patrimoine.fr\/wp-content\/uploads\/2026\/03\/Tour-eiffel.jpg 680w, https:\/\/www.avenir-patrimoine.fr\/wp-content\/uploads\/2026\/03\/Tour-eiffel-300x225.jpg 300w\" sizes=\"auto, (max-width: 680px) 100vw, 680px\" \/><\/figure>\n\n\n\n<figure class=\"wp-block-image size-full\"><img loading=\"lazy\" decoding=\"async\" width=\"680\" height=\"510\" data-id=\"224\" src=\"http:\/\/hqndhhp.cluster100.hosting.ovh.net\/wp-content\/uploads\/2026\/03\/musee-de-l-homme.jpg\" alt=\"Mus\u00e9e de l'homme \u00e0 Paris\" class=\"wp-image-224\" srcset=\"https:\/\/www.avenir-patrimoine.fr\/wp-content\/uploads\/2026\/03\/musee-de-l-homme.jpg 680w, https:\/\/www.avenir-patrimoine.fr\/wp-content\/uploads\/2026\/03\/musee-de-l-homme-300x225.jpg 300w\" sizes=\"auto, (max-width: 680px) 100vw, 680px\" \/><\/figure>\n\n\n\n<figure class=\"wp-block-image size-full\"><img loading=\"lazy\" decoding=\"async\" width=\"680\" height=\"510\" data-id=\"251\" src=\"http:\/\/hqndhhp.cluster100.hosting.ovh.net\/wp-content\/uploads\/2026\/03\/hotel-de-la-monnaie-paris.jpg\" alt=\"H\u00f4tel de la Monnaie \u00e0 Paris\" class=\"wp-image-251\" srcset=\"https:\/\/www.avenir-patrimoine.fr\/wp-content\/uploads\/2026\/03\/hotel-de-la-monnaie-paris.jpg 680w, https:\/\/www.avenir-patrimoine.fr\/wp-content\/uploads\/2026\/03\/hotel-de-la-monnaie-paris-300x225.jpg 300w\" sizes=\"auto, (max-width: 680px) 100vw, 680px\" \/><\/figure>\n<\/figure>\n\n\n\n<p><strong>1998<\/strong><\/p>\n\n\n\n<ul class=\"wp-block-list\">\n<li><strong>Nouveaut\u00e9s dans le patrimoine&nbsp;:&nbsp;techniques et regards<\/strong>, par Jean-Louis Taupin, A.C.M.H.<\/li>\n\n\n\n<li><strong>Historiens, arch\u00e9ologues et architectes&nbsp;: le Ch\u00e2teau de Maulnes<\/strong>,&nbsp;par Ian Pieper, Directeur de l\u2019Institut d\u2019Histoire de l\u2019Architecture de l\u2019Universit\u00e9 d\u2019Aix-la-Chapelle<\/li>\n\n\n\n<li><strong>La cath\u00e9drale d\u2019Auxerre, et sa mod\u00e9lisation<\/strong>, par Anne Coste, Professeur \u00e0 l\u2019Ecole d\u2019Architecture de Saint-Etienne<\/li>\n<\/ul>\n\n\n\n<p><strong>1999<\/strong><\/p>\n\n\n\n<ul class=\"wp-block-list\">\n<li><strong>M\u00e9moire urbaine et m\u00e9tamorphoses du Patrimoine<\/strong>.&nbsp;S\u00e9ance inaugurale, avec Fran\u00e7ois Barr\u00e9,Directeur de l\u2019Architecture et du Patrimoine, Fran\u00e7ois Loyer, Professeur \u00e0 l\u2019Universit\u00e9 de Nancy<\/li>\n\n\n\n<li><strong>Rome<\/strong>,&nbsp;par Laura Cherubini, Surintendante des Biens Culturels de Rome<\/li>\n\n\n\n<li><strong>Renault<\/strong>,&nbsp;par Jean-Eudes Roullier, Pr\u00e9sident du groupe central des villes nouvelles, Bruno Fortier, Architecte, Alexandre Chemetoff, Architecte-paysagiste<\/li>\n\n\n\n<li><strong>Nouveaux regards sur le patrimoine&nbsp;: L\u2019arch\u00e9ologie des jardins<\/strong>, par Anne Allimant, Arch\u00e9ologue<\/li>\n\n\n\n<li><strong>Nouveaux regards sur le patrimoine, table ronde&nbsp;: Identit\u00e9s urbaines et mod\u00e8les import\u00e9s<\/strong>, avec Jean-Pierre Errath, Bruno Fortier, Jean-Pierre Hal\u00e9vy, Alexandre Melissinos, Claude Soucy<\/li>\n\n\n\n<li><strong>Nouveaux regards sur le patrimoine&nbsp;: La Convention du Patrimoine et sa mise en&nbsp;\u0153uvre<\/strong>, par Mounir Bouchnaki, Directeur de la Division du Patrimoine Culturel \u00e0 l\u2019UNESCO<\/li>\n<\/ul>\n\n\n\n<p><strong>2000<\/strong><\/p>\n\n\n\n<ul class=\"wp-block-list\">\n<li><strong>M\u00e9moire urbaine et m\u00e9tamorphoses du Patrimoine&nbsp;:&nbsp;Berlin<\/strong>, par Corinne Jaquand, Enseignante \u00e0 l\u2019Ecole nationale du Paysage de Versailles<\/li>\n\n\n\n<li><strong>Bayonne, par Alexandre Melissinos<\/strong>, Architecte-urbaniste<\/li>\n\n\n\n<li><strong>Mostar et Dubrovnik<\/strong>, par Jean-Louis Taupin, A.C.M.H., et Bernard Fonquernie, A.C.M.H&nbsp;<\/li>\n\n\n\n<li><strong>Lyon<\/strong>, par Henry Chaber, D\u00e9put\u00e9, adjoint \u00e0 l\u2019urbanisme, l\u2019am\u00e9nagement et le d\u00e9veloppement urbain \u00e0 la Mairie de Lyon<\/li>\n\n\n\n<li><strong>Table ronde<\/strong>, avec Fran\u00e7oise Choay, Philosophe, Professeur d\u2019Universit\u00e9, Bruno Fortier, Architecte, et Claude Soucy, Sociologue<\/li>\n<\/ul>\n\n\n\n<p><strong>2002<\/strong><\/p>\n\n\n\n<ul class=\"wp-block-list\">\n<li><strong>Patrimoine et Architecture<\/strong>,&nbsp;par Jean-Marie Charpentier et Pierre Cl\u00e9ment d\u2019Arte-Charpentier &amp; Associ\u00e9s<\/li>\n\n\n\n<li><strong>La naissance de l\u2019art gothique<\/strong>, par Alain Erlande-Brandemburg, Directeur du Mus\u00e9e de la Renaissance \u00e0 Ecouen<\/li>\n\n\n\n<li><strong>Un grand architecte oubli\u00e9 du XVII si\u00e8cle&nbsp;: Jacques Lemercier<\/strong>, par Alexandre Gady,&nbsp;Docteur en Histoire de l\u2019Art&nbsp;<\/li>\n\n\n\n<li><strong>Cit\u00e9 de l\u2019Architecture et du Patrimoine<\/strong>,&nbsp;par Jean-Louis Cohen<\/li>\n\n\n\n<li><strong>Quelles restauration pour Maulnes<\/strong>,&nbsp;par Jean-Pierre Hal\u00e9vy, Pr\u00e9sident d\u2019Avenir &amp; Patrimoine<\/li>\n<\/ul>\n\n\n\n<p><strong>2003<\/strong><\/p>\n\n\n\n<ul class=\"wp-block-list\">\n<li><strong>1er Cycle:&nbsp;Ma\u00eetrise d\u2019\u0153uvre, ma\u00eetrise d\u2019ouvrage&nbsp;:&nbsp;du XIe au XVe si\u00e8cle<\/strong>, par Alain Erlande Brandenburg<\/li>\n\n\n\n<li><strong>Le XVIe et XVII si\u00e8cle<\/strong>, par Claude Mignot<\/li>\n\n\n\n<li><strong>Le XVIIIe si\u00e8cle<\/strong>, par Pierre Pinon, Architecte, Docteur en Histoire<\/li>\n\n\n\n<li><strong>Le XIX si\u00e8cle<\/strong>, par Jean-Michel Leniaud, Professeur \u00e0 l\u2019Ecole&nbsp;Pratique des Hautes Etudes, Professeur \u00e0 l\u2019Ecole des Chartes<\/li>\n\n\n\n<li><strong>Table ronde de conclusion du cycle<\/strong>, avec Jacques Cabanieu, Secr\u00e9taire g\u00e9n\u00e9ral de la Mission interminist\u00e9rielle pour la Qualit\u00e9 des Constructions Publiques, Jean-Claude Dumont, Pr\u00e9sident de l\u2019E.M.O.C., Etablissement public de Ma\u00eetrise d\u2019Ouvrage des Travaux Culturels, Jean-Paul Godderidge, Directeur des Parcs et B\u00e2timents du Ch\u00e2teau de Versailles, Philippe Prost, Pr\u00e9sident d\u2019Avenir &amp; Patrimoine, Architecte et Enseignant \u00e0 Paris-Belleville, Fran\u00e7ois Van Alder, Am\u00e9nageur priv\u00e9<\/li>\n\n\n\n<li><strong>D\u2019Anth\u00e9mios et Isidore \u00e0 Sinan<\/strong>, par Jean-Louis Taupin, A.C.M.H<\/li>\n\n\n\n<li><strong>2\u00e8me Cycle: Les abords, \u00e9tat des lieux. Pr\u00e9sentation, Aspects historiques et juridiques<\/strong>, par Christian Pattyn, Vice-pr\u00e9sident d\u2019Avenir &amp; Patrimoine<\/li>\n\n\n\n<li><strong>S\u2019approcher, voir<\/strong>, par Jean-Louis Taupin, A.C.M.H<\/li>\n\n\n\n<li><strong>Le cas du Secteur sauvegard\u00e9 du Marais<\/strong>, par Alexandre Gady, Docteur en Histoire de l\u2019Art<\/li>\n<\/ul>\n\n\n\n<p><strong>2004<\/strong><\/p>\n\n\n\n<ul class=\"wp-block-list\">\n<li><strong>L\u2019architecte sur le terrain<\/strong>, par Fran\u00e7ois Chatillon, Architecte du Patrimoine<\/li>\n\n\n\n<li><strong>Le point de vue de l\u2019Architecte des B\u00e2timents de France<\/strong>, par Jean-Louis Boubert, Chef du Service D\u00e9partemental de l\u2019Architecture et du Patrimoine (S.D.A.P.) honoraire<\/li>\n\n\n\n<li><strong>Reims, Conservation et Cr\u00e9ation<\/strong>, par Marc Bedarida, Enseignant \u00e0 l\u2019Ecole d\u2019Architecture de Paris-La Villette, et Jean-Paul Viguier, Architecte du Patrimoine<\/li>\n\n\n\n<li><strong>Les abords, \u00e9tat des lieux<\/strong>, par Christian Pattyn, Bruno Chauffert-Yvart, S.D.A.P., Philippe Preschez, Inspecteur G\u00e9n\u00e9ral du Patrimoine, Jean de Salle, Architecte-Urbaniste<\/li>\n\n\n\n<li><strong>Quel avenir pour les Halles&nbsp;?, <\/strong>&nbsp;avec Paul Chemetov, Architecte, Philippe Levantal, \u00e9crivain, Bertrand de Tourtier, Urbaniste et Architecte, Enseignant \u00e0 l\u2019Universit\u00e9 de Bordeaux<\/li>\n\n\n\n<li><strong>La r\u00e9alit\u00e9 de l\u2019Egyptologie, qui trouve<\/strong>, par Jean-Pierre Adam, Arch\u00e9ologue au C.N.R.S.<\/li>\n\n\n\n<li><strong>L\u2019architecte et l\u2019arch\u00e9ologue<\/strong>, par Jean-Pierre Adam, Arch\u00e9ologue au C.N.R.S.<\/li>\n\n\n\n<li><strong>A propos du couvrement des Thermes de Cluny<\/strong>, avec Viviane Huchard, Conservateur du Mus\u00e9e du Moyen Age, Bernard Voinchet, Architecte M.H. et Jean-Pierre Adam (C.N.R.S)<\/li>\n<\/ul>\n\n\n\n<p><strong>2005<\/strong><\/p>\n\n\n\n<ul class=\"wp-block-list\">\n<li><strong>Faut-il densifier Paris&nbsp;?<\/strong>, d\u00e9bats avec Jean-Marc Blanchecotte,&nbsp;Architecte des B\u00e2timents de France, Maurice Laurent, Architecte-voyer en chef honoraire, Jacques Lucan, Architecte<\/li>\n\n\n\n<li><strong>La reconstruction compar\u00e9e des villes en France et en Pologne apr\u00e8s 1945<\/strong>, par Dani\u00e8le Voldman,&nbsp;Directeur de recherche au C.N.R.S., Andrzej Rottermund, Directeur du Palais royal de Varsovie, Fran\u00e7oise Berc\u00e9, Inspecteur g\u00e9n\u00e9ral honoraire du Patrimoine, Krzysztof Pawlowski, ancien Pr\u00e9sident de l\u2019ICOMOS polonais, Stanislas Fiszer, Architecte, Janusz Januszajtis, Professeur, , sp\u00e9cialiste de Gdansk, Jacek Purchla, Directeur du Centre de la Culture Internationale de Cracovie, Fran\u00e7oise Hamon, Professeur \u00e9m\u00e9rite d\u2019Histoire de l\u2019Art, \u00e0 Sorbonne IV, Paris, Daniel&nbsp;Le Cou\u00ebdic, Directeur de l\u2019Institut de G\u00e9oarchitecture, Philippe Petout, Conservateur du Patrimoine, Alexandre Gady, Docteur en Histoire de l\u2019Art<\/li>\n\n\n\n<li><strong>Agir pour la d\u00e9fense &nbsp;du patrimoine&nbsp;: Le r\u00f4le de la Presse<\/strong>, sous la Pr\u00e9sidence de Monsieur Jean-Philippe Lecat, Ancien Ministre de la Culture&nbsp;;Le r\u00f4le des Associations, sous la Pr\u00e9sidence de Christian Pattyn, Pr\u00e9sident de la Ligue Urbaine et Rurale<\/li>\n\n\n\n<li><strong>Comment agir aujourd\u2019hui<\/strong>, sous la Pr\u00e9sidence de Jean-Marie P\u00e9rouse de Montclos, Historien membre de l\u2019Acad\u00e9mie d\u2019Architecture<\/li>\n\n\n\n<li><strong>Les places royales en France au XVIIIe si\u00e8cle&nbsp;: art ou politique&nbsp;?<\/strong>, par Alexandre Gady, Ma\u00eetre de conf\u00e9rences \u00e0 Paris IV \u2013 Sorbonne<\/li>\n\n\n\n<li><strong>Cercle&nbsp;Jean Goujon<\/strong>, par Nicolas Fauch\u00e8rre et Jean-Pierre Adam, Arch\u00e9ologues<\/li>\n\n\n\n<li><strong>L\u2019architecte et l\u2019arch\u00e9ologue&nbsp;: Brouage, ville neuve &nbsp;fortifi\u00e9e de Jacques de Pons et de Richelieu, <\/strong>par&nbsp; Nicolas Fauch\u00e8rre et Jean-Pierre Adan, Arch\u00e9ologue<\/li>\n\n\n\n<li><strong>Le ch\u00e2teau de Chinon&nbsp;; Le Pont de Gard et son \u00e9tablissement d\u2019animation p\u00e9dagogique&nbsp;;&nbsp;Les Petites Ecuries du Roi \u00e0 Versailles&nbsp;; L\u2019Eglise St-Laurent de Grenoble et son sous-sol arch\u00e9ologique<\/strong><\/li>\n<\/ul>\n\n\n\n<p><strong>2006<\/strong><\/p>\n\n\n\n<ul class=\"wp-block-list\">\n<li><strong>Faut-il verdir Paris ?<\/strong>, par Patrick Ecoutin, Urbaniste-Paysagiste, Luc Logier, Pr\u00e9sident de l\u2019Association Nationale des Architectes des B\u00e2timents de France, Philippe Prost, Pr\u00e9sident d\u2019Avenir &amp; Patrimoine<\/li>\n\n\n\n<li><strong>Description et restitution, question de m\u00e9thode<\/strong>, par Jean-Marie P\u00e9rouse de Montclos, Historien de l\u2019Architecture<\/li>\n<\/ul>\n\n\n\n<p><strong>2007<\/strong><\/p>\n\n\n\n<ul class=\"wp-block-list\">\n<li><strong>L\u2019aide fran\u00e7aise \u00e0 la ville de la Nouvelle Orl\u00e9ans apr\u00e8s Katrina<\/strong>, par Pierre-Antoine Gatier, A.C.M.H. Inspecteur G\u00e9n\u00e9ral du Patrimoine<\/li>\n\n\n\n<li><strong>Faut-il reconstruire les Tuileries&nbsp;? L\u2019art de faire rena\u00eetre un ph\u00e9nix de ses cendres<\/strong>, par Jean-Marie P\u00e9rouse de Montclos, Historien de le Architecture<\/li>\n<\/ul>\n\n\n\n<p><strong>2009<\/strong><\/p>\n\n\n\n<ul class=\"wp-block-list\">\n<li><strong>Le projet&nbsp;\u00ab\u00a0M\u00e9talmorphose\u00a0\u00bb&nbsp;pour l\u2019H\u00f4tel de la Monnaie de Paris<\/strong>, par Philippe Prost, laur\u00e9at du concours<\/li>\n<\/ul>\n\n\n\n<p><strong>2010<\/strong><\/p>\n\n\n\n<ul class=\"wp-block-list\">\n<li><strong>Technologie du XI\u00e8me&nbsp;S. \u2013 Technologie du XXI S., \u00e0 Cluny<\/strong>, \u00e0 l\u2019Universit\u00e9 Paris-Belleville<\/li>\n<\/ul>\n\n\n\n<p><strong>2011<\/strong><\/p>\n\n\n\n<ul class=\"wp-block-list\">\n<li><strong>Comment r\u00e9approprier un patrimoine \u00e0 dominante industrielle&nbsp;: une exp\u00e9rience<\/strong>, par Pierre Colboc, Architecte<\/li>\n<\/ul>\n\n\n\n<p><strong>2013<\/strong><\/p>\n\n\n\n<ul class=\"wp-block-list\">\n<li><strong>Le chantier du Mus\u00e9e de l&rsquo;Homme, par Olivier Brochet, <\/strong>Architecte<\/li>\n\n\n\n<li><strong>Le r\u00e9am\u00e9nagement du 1er \u00e9tage de la Tour Eiffel<\/strong>, par Alain Moatti, Architecte<\/li>\n<\/ul>\n\n\n\n<p><strong>2014<\/strong><\/p>\n\n\n\n<ul class=\"wp-block-list\">\n<li><strong>Trois \u00e9motions fortes apport\u00e9es par le patrimoine de nos anciens: La Colis\u00e9e, Palais des Papes, la Pi\u00e9ta, le corps, l&rsquo;esprit et l&rsquo;\u00e2me<\/strong>, par Didier Repellin, A.C.M.H.<\/li>\n<\/ul>\n\n\n\n<p><strong>2015<\/strong><\/p>\n\n\n\n<ul class=\"wp-block-list\">\n<li>Entretiens&nbsp;: &nbsp;Fran\u00e7ois Chaslin questionna&nbsp;Philippe Madec et Philippe Prost, architectes, sur leurs r\u00e9flexions, face aux exigences du<\/li>\n<\/ul>\n\n\n\n<p>2016<\/p>\n\n\n\n<ul class=\"wp-block-list\">\n<li>Conf\u00e9rence de Pierre Cl\u00e9ment, Pr\u00e9sident d\u2019Arte-Charpentier Architectes.Patrimoine : Exp\u00e9rimentations asiatiques<\/li>\n<\/ul>\n\n\n\n<p>2017<\/p>\n\n\n\n<ul class=\"wp-block-list\">\n<li>Conf\u00e9rence de Gian Antonio Golin docteur \u00e8s Philisopie, \u00e8s Esthetique, docteur \u00e8s Architecture PALLADIO ET LE PALLADIANISME<br>Une r\u00e9volution esth\u00e9tique dans l\u2019architecture entre XVI\u00e8me et XVIII\u00e8me<\/li>\n\n\n\n<li>Patrimoine, derni\u00e8res nouvelles du front ? Apr\u00e8s l&rsquo;adoption de la loi sur la Cr\u00e9ation Architecture et Patrimoine. Conf\u00e9rence d\u2019Alexandre Gady,<br>Professeur \u00e0 la Sorbonne, pr\u00e9sident de \u00ab\u00a0Sites et Monuments\u00a0\u00bb&nbsp;<\/li>\n<\/ul>\n\n\n\n<p>2018<\/p>\n\n\n\n<ul class=\"wp-block-list\">\n<li>Patrimoine et le \u00ab\u00a0Nouveau Monde\u00a0\u00bb. Conf\u00e9rence d&rsquo;Alexandre Gady, pr\u00e9sident de la SPPEF&nbsp;<\/li>\n<\/ul>\n\n\n\n<p>2020<\/p>\n\n\n\n<ul class=\"wp-block-list\">\n<li>Le mus\u00e9e du Grand Si\u00e8cle : une ambition au service de l&rsquo;art fran\u00e7ais. Conf\u00e9rence d&rsquo;Alexandre Gady<\/li>\n<\/ul>\n\n\n\n<p>2021<\/p>\n\n\n\n<ul class=\"wp-block-list\">\n<li><strong>Construire en Chine. Conf\u00e9rence de Hugh Dutton<\/strong><\/li>\n<\/ul>\n\n\n\n<p>2022<\/p>\n\n\n\n<p><strong>Le patrimoine artistique et historique d&rsquo;Italie. Sauvegarde, restauration et gestion \u00e0 travers l&rsquo;example de la FAI ( Fondo per l&rsquo;ambiente italiano). Conf\u00e9rence de Gian Antonio Golin<\/strong><\/p>\n\n\n\n<p>2024<\/p>\n\n\n\n<ul class=\"wp-block-list\">\n<li><strong>La Gypsoth\u00e8que du Louvre, <\/strong>conf\u00e9rence d&rsquo;Elisabeth Le Breton, Conservateur du Patrimoine, Responsable de la Gypsoth\u00e8que du mus\u00e9e du Louvre<\/li>\n\n\n\n<li><strong>Les architectes-restaurateurs ont-ils appris des artistes?<\/strong> Par Paul Barnoud A.C.M.H.<\/li>\n<\/ul>\n\n\n\n<p>2025<\/p>\n\n\n\n<ul class=\"wp-block-list\">\n<li><strong>Maulnes: une \u00e9trange maison du XVI si\u00e8cle,<\/strong> par Paul Barnoud A.C.M.H. <strong>De la restauration du Ch\u00e2teau de Villers-Cotter\u00eats\u00e0 la cr\u00e9ationde la Cit\u00e9 Internationale de la langue fran\u00e7aise,<\/strong> avec Xavier Bailly, Directeur d\u00e9l\u00e9gu\u00e9 de la Cit\u00e9 internationale de la&nbsp;langue fran\u00e7aise.<\/li>\n\n\n\n<li>\u00ab&nbsp;<strong>De la restauration du Ch\u00e2teau de Villers-Cotter\u00eats \u00e0 la cr\u00e9ation de la Cit\u00e9 internationale de la langue fran\u00e7aise<\/strong>&nbsp;\u00bb par Xavier Bailly, Directeur d\u00e9l\u00e9gu\u00e9 de la Cit\u00e9 internationale de la&nbsp;langue fran\u00e7aise.<\/li>\n\n\n\n<li><strong>\u00ab\u00a0De l&rsquo;Anneau de M\u00e9moire \u00e0 la place de la Concorde\u00a0\u00bb<\/strong>, par Philippe Prost, Architecte.<\/li>\n\n\n\n<li>\u00ab&nbsp;<strong>De la restauration du Ch\u00e2teau de Villers-Cotter\u00eats \u00e0 la cr\u00e9ation de la Cit\u00e9 internationale de la langue fran\u00e7aise<\/strong>&nbsp;\u00bb par Xavier Bailly, Directeur d\u00e9l\u00e9gu\u00e9 de la Cit\u00e9 internationale de la&nbsp;langue fran\u00e7aise.<\/li>\n<\/ul>\n","protected":false},"excerpt":{"rendered":"<p>Conf\u00e9rences et colloques Historique des visites de l&rsquo;Association Avenir &amp; Patrimoine 1998 1999 2000 2002 2003 2004 2005 2006 2007 [&hellip;]<\/p>\n","protected":false},"author":1,"featured_media":0,"parent":0,"menu_order":0,"comment_status":"closed","ping_status":"closed","template":"","meta":{"site-sidebar-layout":"default","site-content-layout":"","ast-site-content-layout":"default","site-content-style":"default","site-sidebar-style":"default","ast-global-header-display":"","ast-banner-title-visibility":"","ast-main-header-display":"","ast-hfb-above-header-display":"","ast-hfb-below-header-display":"","ast-hfb-mobile-header-display":"","site-post-title":"disabled","ast-breadcrumbs-content":"","ast-featured-img":"","footer-sml-layout":"","ast-disable-related-posts":"","theme-transparent-header-meta":"","adv-header-id-meta":"","stick-header-meta":"","header-above-stick-meta":"","header-main-stick-meta":"","header-below-stick-meta":"","astra-migrate-meta-layouts":"default","ast-page-background-enabled":"default","ast-page-background-meta":{"desktop":{"background-color":"var(--ast-global-color-5)","background-image":"","background-repeat":"repeat","background-position":"center center","background-size":"auto","background-attachment":"scroll","background-type":"","background-media":"","overlay-type":"","overlay-color":"","overlay-opacity":"","overlay-gradient":""},"tablet":{"background-color":"","background-image":"","background-repeat":"repeat","background-position":"center center","background-size":"auto","background-attachment":"scroll","background-type":"","background-media":"","overlay-type":"","overlay-color":"","overlay-opacity":"","overlay-gradient":""},"mobile":{"background-color":"","background-image":"","background-repeat":"repeat","background-position":"center center","background-size":"auto","background-attachment":"scroll","background-type":"","background-media":"","overlay-type":"","overlay-color":"","overlay-opacity":"","overlay-gradient":""}},"ast-content-background-meta":{"desktop":{"background-color":"var(--ast-global-color-4)","background-image":"","background-repeat":"repeat","background-position":"center center","background-size":"auto","background-attachment":"scroll","background-type":"","background-media":"","overlay-type":"","overlay-color":"","overlay-opacity":"","overlay-gradient":""},"tablet":{"background-color":"var(--ast-global-color-4)","background-image":"","background-repeat":"repeat","background-position":"center center","background-size":"auto","background-attachment":"scroll","background-type":"","background-media":"","overlay-type":"","overlay-color":"","overlay-opacity":"","overlay-gradient":""},"mobile":{"background-color":"var(--ast-global-color-4)","background-image":"","background-repeat":"repeat","background-position":"center center","background-size":"auto","background-attachment":"scroll","background-type":"","background-media":"","overlay-type":"","overlay-color":"","overlay-opacity":"","overlay-gradient":""}},"footnotes":""},"class_list":["post-108","page","type-page","status-publish","hentry"],"_links":{"self":[{"href":"https:\/\/www.avenir-patrimoine.fr\/index.php\/wp-json\/wp\/v2\/pages\/108","targetHints":{"allow":["GET"]}}],"collection":[{"href":"https:\/\/www.avenir-patrimoine.fr\/index.php\/wp-json\/wp\/v2\/pages"}],"about":[{"href":"https:\/\/www.avenir-patrimoine.fr\/index.php\/wp-json\/wp\/v2\/types\/page"}],"author":[{"embeddable":true,"href":"https:\/\/www.avenir-patrimoine.fr\/index.php\/wp-json\/wp\/v2\/users\/1"}],"replies":[{"embeddable":true,"href":"https:\/\/www.avenir-patrimoine.fr\/index.php\/wp-json\/wp\/v2\/comments?post=108"}],"version-history":[{"count":10,"href":"https:\/\/www.avenir-patrimoine.fr\/index.php\/wp-json\/wp\/v2\/pages\/108\/revisions"}],"predecessor-version":[{"id":487,"href":"https:\/\/www.avenir-patrimoine.fr\/index.php\/wp-json\/wp\/v2\/pages\/108\/revisions\/487"}],"wp:attachment":[{"href":"https:\/\/www.avenir-patrimoine.fr\/index.php\/wp-json\/wp\/v2\/media?parent=108"}],"curies":[{"name":"wp","href":"https:\/\/api.w.org\/{rel}","templated":true}]}}