{"id":142,"date":"2026-03-22T16:47:11","date_gmt":"2026-03-22T16:47:11","guid":{"rendered":"http:\/\/hqndhhp.cluster100.hosting.ovh.net\/?page_id=142"},"modified":"2026-04-21T11:58:52","modified_gmt":"2026-04-21T11:58:52","slug":"historique-journees-week-ends-voyages","status":"publish","type":"page","link":"https:\/\/www.avenir-patrimoine.fr\/index.php\/historique-journees-week-ends-voyages\/","title":{"rendered":"Journ\u00e9es, Week Ends, Voyages"},"content":{"rendered":"\n<p>Historique des journ\u00e9es, week-ends et voyages de l&rsquo;Association Avenir &amp; Patrimoine <\/p>\n\n\n\n<figure class=\"wp-block-gallery has-nested-images columns-default is-cropped wp-block-gallery-1 is-layout-flex wp-block-gallery-is-layout-flex\">\n<figure class=\"wp-block-image size-full\"><img loading=\"lazy\" decoding=\"async\" width=\"680\" height=\"510\" data-id=\"234\" src=\"http:\/\/hqndhhp.cluster100.hosting.ovh.net\/wp-content\/uploads\/2026\/03\/chateau-de-caen-1.jpg\" alt=\"Le ch\u00e2teau de Caen\" class=\"wp-image-234\" srcset=\"https:\/\/www.avenir-patrimoine.fr\/wp-content\/uploads\/2026\/03\/chateau-de-caen-1.jpg 680w, https:\/\/www.avenir-patrimoine.fr\/wp-content\/uploads\/2026\/03\/chateau-de-caen-1-300x225.jpg 300w\" sizes=\"auto, (max-width: 680px) 100vw, 680px\" \/><\/figure>\n\n\n\n<figure class=\"wp-block-image size-full\"><img loading=\"lazy\" decoding=\"async\" width=\"680\" height=\"510\" data-id=\"231\" src=\"http:\/\/hqndhhp.cluster100.hosting.ovh.net\/wp-content\/uploads\/2026\/03\/cathedrale-de-reims-1.jpg\" alt=\"Cath\u00e9drale de Reima\" class=\"wp-image-231\" srcset=\"https:\/\/www.avenir-patrimoine.fr\/wp-content\/uploads\/2026\/03\/cathedrale-de-reims-1.jpg 680w, https:\/\/www.avenir-patrimoine.fr\/wp-content\/uploads\/2026\/03\/cathedrale-de-reims-1-300x225.jpg 300w\" sizes=\"auto, (max-width: 680px) 100vw, 680px\" \/><\/figure>\n\n\n\n<figure class=\"wp-block-image size-full\"><img loading=\"lazy\" decoding=\"async\" width=\"680\" height=\"510\" data-id=\"219\" src=\"http:\/\/hqndhhp.cluster100.hosting.ovh.net\/wp-content\/uploads\/2026\/03\/hotel-dieu-lyon.jpg\" alt=\"H\u00f4tel Dieu \u00e0 Lyon, devant les quais\" class=\"wp-image-219\" srcset=\"https:\/\/www.avenir-patrimoine.fr\/wp-content\/uploads\/2026\/03\/hotel-dieu-lyon.jpg 680w, https:\/\/www.avenir-patrimoine.fr\/wp-content\/uploads\/2026\/03\/hotel-dieu-lyon-300x225.jpg 300w\" sizes=\"auto, (max-width: 680px) 100vw, 680px\" \/><\/figure>\n\n\n\n<figure class=\"wp-block-image size-full\"><img loading=\"lazy\" decoding=\"async\" width=\"680\" height=\"510\" data-id=\"227\" src=\"http:\/\/hqndhhp.cluster100.hosting.ovh.net\/wp-content\/uploads\/2026\/03\/Tour-Philippe-Auguste-yonne.jpg\" alt=\"La tour Philippe Auguste, \u00e0 Villeneuve dans l'Yonne, devant un champ de colza\" class=\"wp-image-227\" srcset=\"https:\/\/www.avenir-patrimoine.fr\/wp-content\/uploads\/2026\/03\/Tour-Philippe-Auguste-yonne.jpg 680w, https:\/\/www.avenir-patrimoine.fr\/wp-content\/uploads\/2026\/03\/Tour-Philippe-Auguste-yonne-300x225.jpg 300w\" sizes=\"auto, (max-width: 680px) 100vw, 680px\" \/><\/figure>\n\n\n\n<figure class=\"wp-block-image size-full\"><img loading=\"lazy\" decoding=\"async\" width=\"680\" height=\"510\" data-id=\"232\" src=\"http:\/\/hqndhhp.cluster100.hosting.ovh.net\/wp-content\/uploads\/2026\/03\/cathedrales-de-chartres-1.jpg\" alt=\"Cath\u00e9drale de Chartres\" class=\"wp-image-232\" srcset=\"https:\/\/www.avenir-patrimoine.fr\/wp-content\/uploads\/2026\/03\/cathedrales-de-chartres-1.jpg 680w, https:\/\/www.avenir-patrimoine.fr\/wp-content\/uploads\/2026\/03\/cathedrales-de-chartres-1-300x225.jpg 300w\" sizes=\"auto, (max-width: 680px) 100vw, 680px\" \/><\/figure>\n\n\n\n<figure class=\"wp-block-image size-full\"><img loading=\"lazy\" decoding=\"async\" width=\"680\" height=\"510\" data-id=\"212\" src=\"http:\/\/hqndhhp.cluster100.hosting.ovh.net\/wp-content\/uploads\/2026\/03\/anneau-de-memoire-saint-nazaire.jpg\" alt=\"L'Anneau de la M\u00e9moire : M\u00e9morial international Notre-Dame-de-Lorette, monument comm\u00e9moratif du centenaire de la Grande Guerre, \u00e0 Saint Nazaire\" class=\"wp-image-212\" srcset=\"https:\/\/www.avenir-patrimoine.fr\/wp-content\/uploads\/2026\/03\/anneau-de-memoire-saint-nazaire.jpg 680w, https:\/\/www.avenir-patrimoine.fr\/wp-content\/uploads\/2026\/03\/anneau-de-memoire-saint-nazaire-300x225.jpg 300w\" sizes=\"auto, (max-width: 680px) 100vw, 680px\" \/><\/figure>\n<\/figure>\n\n\n\n<p><strong>2001<\/strong><\/p>\n\n\n\n<ul class=\"wp-block-list\">\n<li><strong>&nbsp;2000 ans de cr\u00e9ation \u00e0 Lyon<\/strong>, avec Georges Boichot, Architecte Urbaniste, R\u00e9gis Neyret, Pr\u00e9sident du Patrimoine Rh\u00f4ne-Alpes, Didier Repellin&nbsp;, A.C.M.H., Jean-Fran\u00e7ois Grange-Chavanis, A.C.M.H., Mr Simonet Langlard<\/li>\n<\/ul>\n\n\n\n<p><strong>2002<\/strong><\/p>\n\n\n\n<ul class=\"wp-block-list\">\n<li><strong>La ville de Troyes-en-Champagne<\/strong>, avec&nbsp;Dominique Boisseau, Maire adjoint charg\u00e9 du Secteur Sauvegard\u00e9 et des Monuments Historiques, Philippe Lamour\u00e8re, Architecte des B\u00e2timents de France, Eric Pallot, A.C.M.H., Serge Pascal, Directeur de la Maison de l\u2019Outil et de la Pens\u00e9e ouvri\u00e8re, Chantal Rouquet, Conservateur du Mus\u00e9ee Historique, le P\u00e8re Morlot, Responsable de la Commission Episcopale<\/li>\n<\/ul>\n\n\n\n<p><strong>2003<\/strong><\/p>\n\n\n\n<ul class=\"wp-block-list\">\n<li><strong>La ville de Blois et le Ch\u00e2teau<\/strong>, avec Patrick Ponsot, A.C.M.H.<\/li>\n\n\n\n<li><strong>Le Nord&nbsp;: la ville de &nbsp;Valenciennes<\/strong>, avec Patrick Ramade, Conservateur en Chef du Mus\u00e9e des Beaux-arts, Marie-Pierre Dion, Directrice de la M\u00e9diath\u00e8que<\/li>\n\n\n\n<li><strong>La Ville de Roubaix<\/strong>,&nbsp;avec Bruno Gaudichon, Conservateur de la Piscine<\/li>\n\n\n\n<li><strong>La Ville de Mons<\/strong>, avec Jean Barth\u00e9lemy, Professeur<\/li>\n\n\n\n<li><strong>Le Grand Hornu<\/strong>, avec Pierre Hebbelinck, Architecte&nbsp;et Laurent Busine, Directeur du Mus\u00e9e des Arts Contemporains<\/li>\n\n\n\n<li><strong>La Ville de Besan\u00e7on<\/strong>, avec&nbsp;Pascal Prunet, A.C.M.H.<\/li>\n\n\n\n<li><strong>P\u00e9riple en&nbsp;Croatie<\/strong>, avec Goran Niksic, Conservateur en chef du Palais de Diocl\u00e9tien \u00e0 Split<\/li>\n<\/ul>\n\n\n\n<p><strong>2004<\/strong><\/p>\n\n\n\n<ul class=\"wp-block-list\">\n<li><strong>La ville de Rennes<\/strong>, avec Henri Chouinard, A.C.M.H.<\/li>\n\n\n\n<li><strong>En&nbsp;Vaucluse, Promenade patrimoniale, de l\u2019Antiquit\u00e9 au XVIII\u00e8me si\u00e8cle &nbsp;en Terre papale<\/strong>, avec Didier Repellin, A.C.M.H.<\/li>\n\n\n\n<li><strong>Les villes de V\u00e9zelay et Bibracte<\/strong>, avec Antoine Debr\u00e9, Architecte, Bruno Decaris, A.C.M.H.<\/li>\n<\/ul>\n\n\n\n<p><strong>2005<\/strong><\/p>\n\n\n\n<ul class=\"wp-block-list\">\n<li><strong>La ville Bordeaux<\/strong>, &nbsp;avec R\u00e9mi Desalbre, Architecte du Patrimoine<\/li>\n\n\n\n<li><strong>La ville de Nancy<\/strong><\/li>\n\n\n\n<li><strong>La ville de Rouen<\/strong>, avec Michel Jantzen A.C.M.H., R\u00e9gis Martin, AC.M.H., Patrice Pusateri, A.B.F.<\/li>\n\n\n\n<li><strong>P\u00e9riple en Pologne de Zakopane \u00e0 Gdansk<\/strong>, organis\u00e9 par Jadwiga Czartoryska, Directeur de l\u2019Institut culturel de Pologne \u00e0 Paris<\/li>\n\n\n\n<li><strong>La ville de Rome<\/strong>, avec Didier Repellin, A.C.M.H. et Alexandre Gady, Ma\u00eetre de conf\u00e9rences \u00e0 Paris IV \u2013 Sorbonne<\/li>\n<\/ul>\n\n\n\n<p><strong>2006<\/strong><\/p>\n\n\n\n<ul class=\"wp-block-list\">\n<li><strong>Arles&nbsp;antique \u2013 Arles chr\u00e9tienne<\/strong>, avec Fran\u00e7ois Botton, A.C.M.H., Clair Maurel, M\u00e9diatrice du patrimoine au Service du Patrimoine de la Mairie,Mich\u00e8le Moutachard, Conservateur en chef du Mus\u00e9e R\u00e9attu, H\u00e9l\u00e8ne Vey, guide-conferenciaire du Mus\u00e9e de l&rsquo;Arles antique, avec Anne Matheron, Conservateur en chef de l\u2019Abbaye<\/li>\n\n\n\n<li><strong>La Ville de Naples<\/strong>, avec Didier Reppelin, Pomp\u00e9i, avec Jean-Pierre Adam, Archeologue<\/li>\n\n\n\n<li><strong>Les villes de Montpellier et de Larzac<\/strong>, avec&nbsp;Delphine Lapeyre, Directrice du Conservatoire, Jacques Meiquel, Historien, Laurence Fric Guide Interpr\u00e8te, Louis Causse, A.B.F., Mr Muret, Maire de La Cavalerie, H\u00e9l\u00e8ne Lorblandet, Conservateur, Dominique Deville de Peryere, la Pr\u00e9sidente de l&rsquo;Ecole de M\u00e9decine, Fran\u00e7ois Michaud, Charg\u00e9 du Patrimoine, Mr Deguarra, Pr\u00e9sident de la Soci\u00e9t\u00e9 Arch\u00e9ologique, le Professeur Michel Rossi<\/li>\n\n\n\n<li><strong>La ville d&rsquo;Angers<\/strong>, avec Pascal Prunet, A.C.M.H., Dominique Latron, A.B.F.,<\/li>\n<\/ul>\n\n\n\n<p><strong>2007<\/strong><\/p>\n\n\n\n<ul class=\"wp-block-list\">\n<li><strong>La ville du Havre<\/strong>, avec Elisabeth Lepr\u00eatre, Conservateur du Mus\u00e9e Historique et de la Maison de l\u2019Armateur<\/li>\n\n\n\n<li><strong>La ville de Lyon,<\/strong> avec Didier Repellin, A.C.M.H.<\/li>\n\n\n\n<li><strong>Les villes de Blois et d\u2019Angers<\/strong>, avec Guy Massin-Legoff, Directeur des Antiquit\u00e9s et des Objets d\u2019art du Maine et Loire, Catherine Lessuer, Conservateur au Mus\u00e9e des Beaux Arts,<\/li>\n<\/ul>\n\n\n\n<p><strong>2008<\/strong><\/p>\n\n\n\n<ul class=\"wp-block-list\">\n<li><strong>Les villes de Nevers et de &nbsp;La Charit\u00e9-sur-Loire<\/strong>, avec Paul Barnoud, A.C.M.H., et Jean-Luc Jolivet, Charg\u00e9 de mission du Patrimoine, et Denis Froidevaux , Architecte du Patrimoine<\/li>\n\n\n\n<li><strong>La ville de Nantes<\/strong>, avec Nicolas Faucherre, Professeur \u00e0 l&rsquo;Universit\u00e9s, et Yves Steff, Architecte du Patrimoine et Urbaniste, Pascal Filatre, Architecte du Patrimoine, et Franck Stubenitsky, historien de l&rsquo;architecture, Pascal Prunet, et Jean-Jacques Rioult, Conservateur de l\u2019Inventaire en Bretagne et Yannick Le Digol, arch\u00e9odendrochronologue, \u00c9l\u00e9onore Bouchard, Masterante de l&rsquo;Universit\u00e9 de Nantes, Fran\u00e7oise Leli\u00e8vre, Chercheur \u00e0 l&rsquo;Inventaire en Pays-de-Loire, Antoine Potiron, Architecte du patrimoine, Alain Delaval, Documentaliste CRMH<\/li>\n\n\n\n<li><strong>La ville d\u2019Aix-en-Provence<\/strong>, avec V\u00e9ronique Wood, Architecte du Patrimoine, Jean-Marie Gassen, Architecte-arch\u00e9ologue, Daniel Rennou, A.B.F., Jean-Louis Taupin A.C.M.H-Honoraire, Sandrine Claude, M\u00e9di\u00e9viste au Service arch\u00e9ologique, Philippe Deliau, Paysagiste-Concepteur, Michel Fraisset, Directeur de l\u2019Office du Tourisme, Bruno Eli, conservateur G\u00e9n\u00e9ral du Mus\u00e9e Granet<\/li>\n\n\n\n<li><strong>La ville d\u2019Amiens, Gothique et Contemporain<\/strong>, avec&nbsp;Philippe Senechal, Professeur de l\u2019Universit\u00e9 d\u2019Amiens, Xavier Bailly, Directeur du Patrimoine, Jacques Blaurue, Technicien des services culturels de la Cath\u00e9drale, Cazenave, Directrice des Mus\u00e9es d\u2019Amiens, Emilie Londot, Guide adjointe, Jacques Lelier, Pr\u00e9sident de l\u2019Association des Hortillonages<\/li>\n\n\n\n<li><strong>Portugal&nbsp;: La Route du Patrimoine Mondial<\/strong>, organis\u00e9 par Georges de Brito et Abreu, Architecte \u00e0 la Direction du Patrimoine au Minist\u00e8re de la Culture<\/li>\n<\/ul>\n\n\n\n<p><strong>2009<\/strong><\/p>\n\n\n\n<ul class=\"wp-block-list\">\n<li><strong>La ville de Bruxelles<\/strong>, avec Guido Vanderhulst, Pr\u00e9sident du Conseil Bruxellois des Mus\u00e9es, le Professeur P. Halleux, Expert consultant et l\u2019architecte Michel Provost de l\u2019agence Origin, Mme Vesela, Architecte,Annie Van Marck de Lummen, Barbara Van der Wee, Architecte, Paul Lievevrouw, Architecte<\/li>\n\n\n\n<li><strong>La ville de Berlin,<\/strong><\/li>\n\n\n\n<li><strong>Valence-Bourg-les-Valence, Romains-sur-Is\u00e8re<\/strong>, avec Laurence Brangier, A.B.F., Philippe Canivet de l\u2019Agence Ari\u00e8s,&nbsp;Philippe Prost, Architecte<\/li>\n\n\n\n<li><strong>La ville de Bourges<\/strong>,&nbsp;avec Patrick Ponsot, A.C.M.H., Georges Buisson, Administrateur du Palais de Bourges, B\u00e9atrice de&nbsp;Chancel-Barelot, Conservateur en Chef des Mus\u00e9es de Bourges<\/li>\n\n\n\n<li><strong>La ville de Dijon<\/strong>, avec Eric Pallot, A.C.M.H., Isabelle Denis, Conservateur R\u00e9gional des M.H., R\u00e9mi Cariel, Conservateur du Mus\u00e9e Magnin, Louis Faton, P.D.G des Editions Louis Faton<\/li>\n\n\n\n<li><strong>La ville de Ch\u00e2lons-en-Champagne<\/strong>,&nbsp;avec Fran\u00e7ois Chatillon, A.C.M.H.<\/li>\n<\/ul>\n\n\n\n<p><strong>2010<\/strong><\/p>\n\n\n\n<ul class=\"wp-block-list\">\n<li><strong>La ville de Rouen<\/strong>, Guy Pessiot, Adjoint au Maire, Pr\u00e9sident de l\u2019Office duTourisme, Serge Giordani, Restaurateur,&nbsp;Aymeric Zubl\u00e9na, Architecte<\/li>\n\n\n\n<li><strong>La ville de Le Mans, avec Nicolas Gauthier, A.B.F., <\/strong>avecFran\u00e7oise Chaserant, ancien conservateur et directeur des Mus\u00e9es du Mans, et Bernard Althabegoity, Architecte, Jacky Bouvet, Historien d\u2019art, enseignant au lyc\u00e9e Montesquieu<\/li>\n\n\n\n<li><strong>La ville de Maulnes&nbsp;:&nbsp;Lieux oubli\u00e9s autour du Ch\u00e2teau<\/strong>, avec Jean-Louis Taupin,A.C.M.H. honoraire, et Fabrice Cayot, Historien-Arch\u00e9ologue<\/li>\n\n\n\n<li><strong>La ville de Cluny<\/strong>, avec Jean-Louis Taupin, A.C.M.H., et Christian Sapin, Directeur du Centre d\u2019Etudes M\u00e9di\u00e9vals d\u2019Auxerre, Christian P\u00e8re, ma\u00eetre de conf\u00e9rence et responsable du projet Gunzo, Jean-Fran\u00e7ois Coulais, G\u00e9ographe, ing\u00e9nieur de recherche.<\/li>\n<\/ul>\n\n\n\n<p><strong>2011<\/strong><\/p>\n\n\n\n<ul class=\"wp-block-list\">\n<li><strong>La ville de Strasbourg<\/strong>, avec Eric Salmon, Directeur des Ateliers de l\u2019\u0153uvre Notre-Dame, Jean-Louis Duval, Architecte du Service-B\u00e2timent, &nbsp;Marie-Jeanne Geyer, Conservateur du Mus\u00e9e d\u2019Art Moderne et Contemporain, &nbsp;Daniel Th\u00e9rond, Chef du Service du Patrimoine au Conseil de l&rsquo;Europe, Christiane Schmuckle-Mollard, A.C.M.H., avec Eric Chenderowsky, Directeur de l&rsquo;Urbanisme, de l&rsquo;am\u00e9nagement et de l&rsquo;habitat Ville et de la Communaut\u00e9 urbaine de Strasbourg, Anne Billaut, Responsable du Service Culturel&nbsp;,&nbsp; Philippe Specht, Directeur de la M\u00e9diath\u00e8que, Marie-Laure Segard, Directrice de la Cit\u00e9 de la Musique et de la Danse<\/li>\n\n\n\n<li><strong>La ville de Marseille<\/strong>,&nbsp;avec Andr\u00e9 Malrait, Adjoint au Maire,&nbsp; charg\u00e9 du Patrimoine et des Monuments&nbsp;&nbsp;&nbsp; Historiques, Xavier David, Architecte D.P.L.G., historien d&rsquo;art,&nbsp; responsable des travaux de restauration, Gilles Bouillon, A.B.F., &nbsp;Georges Aillot, Jean Guyon, historien-arch\u00e9ologue, Thierry Durousseau, Architecte D.P.L.G.<\/li>\n\n\n\n<li><strong>La reconqu\u00eate des bords de Seine \u00e0 Saint-Fargeau-Ponthierry<\/strong> <strong>et le Ch\u00e2teau de Vaux-le-Vicomte, <\/strong>avec Lionel Walker, Maire de Saint-Fargeau-Ponthierry,&nbsp;Vice -Pr\u00e9sident du Conseil g\u00e9n\u00e9ral, Philippe Prost, architecte du patrimoine, Virginie Lacour, charg\u00e9e de l&rsquo;inventaire du Patrimoine au Conseil G\u00e9n\u00e9ral de seine et Marne, Patrice de Vog\u00fc\u00e9<\/li>\n\n\n\n<li><strong>Une journ\u00e9e en Essonne : Courances et Milly-La-For\u00eat, <\/strong>avec Fran\u00e7ois Magendie, (Atelier Place,) concepteur de la mise en valeur de la maison de Jean Cocteau, Antoine Jouve, Architecte du Patrimoine,<\/li>\n<\/ul>\n\n\n\n<p><strong>2012<\/strong><\/p>\n\n\n\n<ul class=\"wp-block-list\">\n<li><strong>La ville de Poitiers<\/strong>, avec Pierre Cazenave, Conservateur R\u00e9gional des Monuments Historiques, Fran\u00e7ois Jeanneau, A.C.M.H., Claude Andrault-Schmitt, Professeur \u00e0 l\u2019Universit\u00e9 dePoitiers, Brice Moulinier, Restaurateur, Jean-Paul Mauduit, Ma\u00eetre d\u2019\u0153uvre, Alexandre Huchon, Charg\u00e9 de production, P\u00e8re Yves-Marie Blanchard, Denis Thoumin, Membre de l\u2019Association culturelle St. Hilaire, Dominique Saumet, Inspecteur des Sites, Anne-Fran\u00e7oise Hector, Inspectrice des Sites, Anne Beneteau-P\u00e9tan, Directrice des Mus\u00e9e de Poitiers<\/li>\n\n\n\n<li>&nbsp;<strong>La ville de<\/strong> <strong>Meaux, sa cath\u00e9drale<\/strong>,&nbsp;avec Jean-Louis Taupin, A.C.M.H. honoraire, Laurence Magnus, A.B.F., Mus\u00e9e de la Grande Guerre,&nbsp;Christophe Lab, Architecte<\/li>\n<\/ul>\n\n\n\n<p><strong>2013<\/strong><\/p>\n\n\n\n<ul class=\"wp-block-list\">\n<li><strong>La ville de Lyon<\/strong>, avec Didier Repellin, A.C.M.H., Maximilien Durand, Conservateur des Mus\u00e9es des tissus et des Arts D\u00e9coratifs<\/li>\n\n\n\n<li><strong>Le Mus\u00e9e du Louvre-Lens<\/strong>, avec Xavier Dectot, Directeur<\/li>\n\n\n\n<li>L&rsquo;Ilot \u00ab\u00a0T8\u00a0\u00bb et la biblioth\u00e8que centrale de l&rsquo;Universit\u00e9 Paris-Dederot. Deux r\u00e9alisation de Rudi Ricciotti dand le quartier Massena Paris 13\u00e8me, avec G\u00e9rard Le Goff, Architecte<\/li>\n\n\n\n<li><strong>Marseille Capitale Europ\u00e9enne de la Culture<\/strong>, avec Vincent Gaston, de la Villa M\u00e9diterran\u00e9e; Zeev Gourarier, Directeur scientifique et des collections du MuCEM; G. Lamoureux, de la l&rsquo;Agence Ricciotti; Thierry Durousseau, Architecte, historien de Marseille; Laure de Buzon, Architecte-paysagiste; Laurent Vedrine, Conservateur du Mus\u00e9e d&rsquo;Histoire de Marseille; Christine G\u00e9rmain-Donnant, Directrice du Mus\u00e9e des Arts D\u00e9coratifs<\/li>\n<\/ul>\n\n\n\n<p><strong>2014<\/strong><\/p>\n\n\n\n<ul class=\"wp-block-list\">\n<li><strong>Palais imp\u00e9rial de Compi\u00e8gne, <\/strong>avec Emmanuel Starsky, Directeur des mus\u00e9es et domaines nationaux de Compi\u00e8gne et Bl\u00e9rancourt et Eric Pallot, Architecte en Chef des Monuments Historiques<\/li>\n\n\n\n<li><strong>Arras, la ville, la mise en valeur de la citadelle et le chantier du M\u00e9morial intrenational de Notre Dame-de-Lorette<\/strong>, avec Philippe Prost, Architecte du patrimoine, Catherine Madoni, Architecte des B\u00e2timentd de France<\/li>\n<\/ul>\n\n\n\n<p><strong>2015<\/strong><\/p>\n\n\n\n<ul class=\"wp-block-list\">\n<li><strong>L&rsquo;Anneau de M\u00e9moire et la Promenade \u00ab\u00a0Grande Guerre en Artois\u00a0\u00bb<\/strong> avec Catherine Dh\u00e9rent, Conservateur g\u00e9n\u00e9ral du Patrimoine et Philippe Prost, Architecte du Patrimoine; <strong>la Citadelle d&rsquo;Arras<\/strong> avec Philippe Prost, Architecte du Patrimoine; <strong>le Mus\u00e9e des Beaux-Arts dans l&rsquo;Abbaye Saint-Vaast et l&rsquo;exposition \u00ab\u00a0Le Ch\u00e2teau de Versailles en 100 chefs d&rsquo;oeuvres\u00a0\u00bb, <\/strong>avec Anne Esnault, Directrice g\u00e9n\u00e9rale; <strong>le Mus\u00e9e Louvre Lens<\/strong>, avec Catherine Ferrat, Administratrice G\u00e9n\u00e9rale<\/li>\n<\/ul>\n\n\n\n<p><strong>2016<\/strong><\/p>\n\n\n\n<ul class=\"wp-block-list\">\n<li><strong>Chartres: le Secteur Sauvegard\u00e9 et la Cath\u00e9drale Notre-Dame,<\/strong> avec Laure Petit, A.B.F. et Marie-Suzanne de Ponthaud, A.C.M.H.<\/li>\n<\/ul>\n\n\n\n<p><strong>2017<\/strong><\/p>\n\n\n\n<ul class=\"wp-block-list\">\n<li>Caen et des exemples architecturaux des<br>XIII\u00e8me, XIV\u00e8me, XVII\u00e8me, XX\u00e8me, XXI\u00e8me si\u00e8cles, avec G\u00e9rard Le Goff, architecte DPLG, Agence Rudy Ricciotti<\/li>\n\n\n\n<li>Villeneuve-sur-Yonne et sa citadelle &#8211; Sens et sa cath\u00e9drale,<\/li>\n<\/ul>\n\n\n\n<p>avec Nicolas Faucherre, professeur, D\u00e9partement Arch\u00e9ologie et Histoire de l&rsquo;Art &#8211; directeur du LA3M, et Bernard Brousse, historien<\/p>\n\n\n\n<ul class=\"wp-block-list\">\n<li>Week-end \u00e0 Arles, avec Bouzid Sabeg, Directeur G\u00e9n\u00e9ral du Patrimoine Mondial, Grand Projets et Cooperation Internationale, Estelle Rouquette, Conservatrice, Philippe Donjerkovic, Architecte du Patrimoine, Renzo Wieder, Architecte du Patrimoine, Nathalie Israelien, Guillaume Avenard, Architecte DPLG, Daniel Fanzutti, Architecte DPLG, Odile Caylux, Historienne, Daniel Rouvier, Conservateur<\/li>\n<\/ul>\n\n\n\n<p><strong>2018<\/strong><\/p>\n\n\n\n<ul class=\"wp-block-list\">\n<li>Lyon, 2 \u00e9difices: Creation &#8211; Restauration . Le Mus\u00e9e des Confluences et le Grand H\u00f4tel Dieu, avec H\u00e9l\u00e8ne Lafont-Couturier, Directrice du Mus\u00e9e et Didier Repellin A.C.M.H.<\/li>\n\n\n\n<li>Fin de semaine en Wallonie, avec G\u00e9rard Le Goff, Architecte DPLG, Agence Rudy Ricciotti<\/li>\n<\/ul>\n\n\n\n<p><strong>2023<\/strong><\/p>\n\n\n\n<p><strong>Week-end \u00e0 Reims et en r\u00e9gion Champagne<\/strong>, avec Mich\u00e8le Prats, expert au Patrimoine Mondiale de l&rsquo;Unesco, Amandine Cr\u00e9pin, Directrice de la Mission, Patrick Demouy, historien, Philippe Prost, architecte de Secteur Sauvgard\u00e9<\/p>\n\n\n\n<p><strong>2025<\/strong><\/p>\n\n\n\n<p>De la cour au campus mus\u00e9al. Le r\u00e9am\u00e9nagement du Ch\u00e2teau de Caen, avec Philippe Prost, Architecte, et Jean-Marie Leveque, Directeur du Mus\u00e9e de Normandie.<\/p>\n","protected":false},"excerpt":{"rendered":"<p>Historique des journ\u00e9es, week-ends et voyages de l&rsquo;Association Avenir &amp; Patrimoine 2001 2002 2003 2004 2005 2006 2007 2008 2009 [&hellip;]<\/p>\n","protected":false},"author":1,"featured_media":0,"parent":0,"menu_order":0,"comment_status":"closed","ping_status":"closed","template":"","meta":{"site-sidebar-layout":"default","site-content-layout":"","ast-site-content-layout":"default","site-content-style":"default","site-sidebar-style":"default","ast-global-header-display":"","ast-banner-title-visibility":"","ast-main-header-display":"","ast-hfb-above-header-display":"","ast-hfb-below-header-display":"","ast-hfb-mobile-header-display":"","site-post-title":"","ast-breadcrumbs-content":"","ast-featured-img":"","footer-sml-layout":"","ast-disable-related-posts":"","theme-transparent-header-meta":"","adv-header-id-meta":"","stick-header-meta":"","header-above-stick-meta":"","header-main-stick-meta":"","header-below-stick-meta":"","astra-migrate-meta-layouts":"default","ast-page-background-enabled":"default","ast-page-background-meta":{"desktop":{"background-color":"var(--ast-global-color-5)","background-image":"","background-repeat":"repeat","background-position":"center center","background-size":"auto","background-attachment":"scroll","background-type":"","background-media":"","overlay-type":"","overlay-color":"","overlay-opacity":"","overlay-gradient":""},"tablet":{"background-color":"","background-image":"","background-repeat":"repeat","background-position":"center center","background-size":"auto","background-attachment":"scroll","background-type":"","background-media":"","overlay-type":"","overlay-color":"","overlay-opacity":"","overlay-gradient":""},"mobile":{"background-color":"","background-image":"","background-repeat":"repeat","background-position":"center center","background-size":"auto","background-attachment":"scroll","background-type":"","background-media":"","overlay-type":"","overlay-color":"","overlay-opacity":"","overlay-gradient":""}},"ast-content-background-meta":{"desktop":{"background-color":"var(--ast-global-color-4)","background-image":"","background-repeat":"repeat","background-position":"center center","background-size":"auto","background-attachment":"scroll","background-type":"","background-media":"","overlay-type":"","overlay-color":"","overlay-opacity":"","overlay-gradient":""},"tablet":{"background-color":"var(--ast-global-color-4)","background-image":"","background-repeat":"repeat","background-position":"center center","background-size":"auto","background-attachment":"scroll","background-type":"","background-media":"","overlay-type":"","overlay-color":"","overlay-opacity":"","overlay-gradient":""},"mobile":{"background-color":"var(--ast-global-color-4)","background-image":"","background-repeat":"repeat","background-position":"center center","background-size":"auto","background-attachment":"scroll","background-type":"","background-media":"","overlay-type":"","overlay-color":"","overlay-opacity":"","overlay-gradient":""}},"footnotes":""},"class_list":["post-142","page","type-page","status-publish","hentry"],"_links":{"self":[{"href":"https:\/\/www.avenir-patrimoine.fr\/index.php\/wp-json\/wp\/v2\/pages\/142","targetHints":{"allow":["GET"]}}],"collection":[{"href":"https:\/\/www.avenir-patrimoine.fr\/index.php\/wp-json\/wp\/v2\/pages"}],"about":[{"href":"https:\/\/www.avenir-patrimoine.fr\/index.php\/wp-json\/wp\/v2\/types\/page"}],"author":[{"embeddable":true,"href":"https:\/\/www.avenir-patrimoine.fr\/index.php\/wp-json\/wp\/v2\/users\/1"}],"replies":[{"embeddable":true,"href":"https:\/\/www.avenir-patrimoine.fr\/index.php\/wp-json\/wp\/v2\/comments?post=142"}],"version-history":[{"count":3,"href":"https:\/\/www.avenir-patrimoine.fr\/index.php\/wp-json\/wp\/v2\/pages\/142\/revisions"}],"predecessor-version":[{"id":483,"href":"https:\/\/www.avenir-patrimoine.fr\/index.php\/wp-json\/wp\/v2\/pages\/142\/revisions\/483"}],"wp:attachment":[{"href":"https:\/\/www.avenir-patrimoine.fr\/index.php\/wp-json\/wp\/v2\/media?parent=142"}],"curies":[{"name":"wp","href":"https:\/\/api.w.org\/{rel}","templated":true}]}}