{"id":3,"date":"2026-03-15T17:07:36","date_gmt":"2026-03-15T17:07:36","guid":{"rendered":"http:\/\/hqndhhp.cluster100.hosting.ovh.net\/?page_id=3"},"modified":"2026-03-29T14:43:22","modified_gmt":"2026-03-29T14:43:22","slug":"privacy-policy","status":"publish","type":"page","link":"https:\/\/www.avenir-patrimoine.fr\/index.php\/privacy-policy\/","title":{"rendered":"Mentions l\u00e9gales, cookies et politique de confidentialit\u00e9"},"content":{"rendered":"\n<h2 class=\"wp-block-heading\"><strong><strong>Information sur l\u2019\u00e9diteur du site<\/strong><\/strong><\/h2>\n\n\n\n<p>Le site avenir-patrimoine.fr est \u00e9dit\u00e9 par l\u2019association Avenir &amp; Patrimoine situ\u00e9e au 18 rue Jean Goujon 75008 Paris.<\/p>\n\n\n\n<p>Le directeur de la publication est : Leonide Korabelnikov<\/p>\n\n\n\n<p>Le site avenir-patrimoine.fr est h\u00e9berg\u00e9 sur ovh, soci\u00e9t\u00e9 immatricul\u00e9e au RCS de Lille sous le num\u00e9ro 537 407 926 sise&nbsp;2, rue Kellermann, 59100 Roubaix<\/p>\n\n\n\n<h3 class=\"wp-block-heading\"><strong>Liens Hypertextes<\/strong><\/h3>\n\n\n\n<p>Les liens hypertextes mis en \u0153uvre en direction d\u2019autres sites ne sauraient engager la responsabilit\u00e9 d\u2019Avenir &amp; Patrimoine, qui garantit n\u2019exercer aucun contr\u00f4le sur le contenu de ces sites.<br>Avenir &amp; Patrimoine ne pourrait \u00eatre responsable du fait des contenus de ces sites. Avenir &amp; Patrimoine ne saurait garantir aux internautes l\u2019exactitude et la compl\u00e9tude des informations de toute nature fournies sur le site.<br>En cons\u00e9quence, la responsabilit\u00e9 d\u2019Avenir &amp; Patrimoine ne pourra \u00eatre engag\u00e9e du fait de l\u2019utilisation des informations fournies sur ce site.<\/p>\n\n\n\n<h3 class=\"wp-block-heading\"><strong>Propri\u00e9t\u00e9 Intellectuelle<\/strong><\/h3>\n\n\n\n<p>Avenir &amp; Patrimoine est seul titulaire des droits d\u2019auteurs sur le contenu de son site avenir-patrimoine.fr. Toute reproduction ou repr\u00e9sentation totale ou partielle, faite sans le consentement de Avenir &amp; Patrimoine constitue une contrefa\u00e7on civilement et p\u00e9nalement sanctionn\u00e9e. Avenir &amp; Patrimoine est titulaire des droits sur le logo de Avenir &amp; Patrimoine. Toute reproduction totale ou partielle du logo sans le consentement de Avenir &amp; Patrimoine constitue une contrefa\u00e7on civilement et p\u00e9nalement sanctionn\u00e9e.<\/p>\n\n\n\n<p>Toute reproduction ou copie des contenus pr\u00e9sents sur le site \u00e0 des fins autres qu&rsquo;un usage priv\u00e9 n&rsquo;est possible qu&rsquo;apr\u00e8s autorisation \u00e9crite des gestionnaires du site.<\/p>\n\n\n\n<h3 class=\"wp-block-heading\"><strong>Donn\u00e9es personnelles<\/strong><\/h3>\n\n\n\n<p><strong><em>Les informations collect\u00e9es<\/em><\/strong><\/p>\n\n\n\n<p>Toutes les donn\u00e9es personnelles recueillies sur le site site avenir-patrimoine.fr &nbsp;proviennent de l&rsquo;enregistrement des coordonn\u00e9es des personnes les ayant directement communiqu\u00e9es \u00e0 Avenir &amp; Patrimoine.<\/p>\n\n\n\n<p>Les informations obligatoires (email et adresse) sont utilis\u00e9es afin de recevoir la lettre d\u2019information (newsletter) et l\u2019inscription \u00e0 l\u2019association Avenir &amp; Patrimoine.<\/p>\n\n\n\n<p>Avenir &amp; Patrimoine garantit que les informations enregistr\u00e9es sur le site sont trait\u00e9es de mani\u00e8re strictement confidentielle. Les donn\u00e9es que vous nous communiquez sont n\u00e9cessaires au traitement de vos demandes d\u2019information ou d\u2019inscription.<\/p>\n\n\n\n<p>Elles ne seront en aucun cas utilis\u00e9es de quelque autre mani\u00e8re que ce soit, dans le cadre du site ou en-dehors.<\/p>\n\n\n\n<h3 class=\"wp-block-heading\"><strong>Clause limitative de responsabilit\u00e9 <\/strong><\/h3>\n\n\n\n<p><strong>Partenaires<\/strong><br>Le site Avenir &amp; Patrimoine inclut des liens avec d&rsquo;autres sites Internet ou d&rsquo;autres sources Internet appartenant \u00e0 nos Partenaires. Nous nous sommes efforc\u00e9s de s\u00e9lectionner des partenaires de qualit\u00e9 ; toutefois nous ne pouvons contr\u00f4ler leur(s) sites et sources externes. Vous reconnaissez que nous ne pouvons \u00eatre tenus pour responsables de la mise \u00e0 disposition de ces sites et sources externes, et ne pouvons supporter aucune responsabilit\u00e9 quant au contenu, publicit\u00e9s, produits, services ou tout autre mat\u00e9riel disponible sur ou \u00e0 partir de ces sites ou sources externes.<br>De plus, Vous reconnaissez que nous ne pourrons \u00eatre tenus responsables de tout dommage ou perte av\u00e9r\u00e9s ou all\u00e9gu\u00e9s cons\u00e9cutifs ou en relation avec l&rsquo;utilisation ou avec le fait d&rsquo;avoir fait confiance au contenu, \u00e0 des biens ou services sur les sites ou sources externes de nos Partenaires. Nous ne saurions \u00eatre tenus pour responsables des agissements ou des \u00e9ventuelles omissions de nos Partenaires.<\/p>\n\n\n\n<p><strong>Divers<\/strong><br>Nous ne saurions \u00eatre tenus pour responsables du retard, de la perte ou de la mauvaise distribution d&rsquo;un courrier, ni de son envoi \u00e0 une adresse \u00e9lectronique ou non, erron\u00e9e.<\/p>\n\n\n\n<p><strong>D\u00e9faillance<\/strong><br>Nous ne saurions \u00eatre tenus pour responsables de toute perte ou dommage subi \u00e0 la suite d&rsquo;une d\u00e9faillance d&rsquo;acc\u00e8s au Site et\/ou au(x) site(s) de nos Partenaires. &nbsp;<\/p>\n\n\n\n<h2 class=\"wp-block-heading\"><strong>Cookies et politique de confidentialit\u00e9<\/strong><\/h2>\n\n\n\n<h3 class=\"wp-block-heading\"><strong>Identit\u00e9 du responsable du traitement<\/strong><\/h3>\n\n\n\n<p>L\u2019association Avenir &amp; Patrimoine situ\u00e9e au 18 rue Jean Goujon 75008 Paris.<\/p>\n\n\n\n<h3 class=\"wp-block-heading\"><strong>Terminologie :<\/strong><\/h3>\n\n\n\n<p><strong>Utilisateur<\/strong>&nbsp;: toute personne physique, poss\u00e9dant un compte personnel d\u2019Utilisateur ou non, utilisant le Site l\u2019association Avenir &amp; Patrimoine situ\u00e9e au 18 rue Jean Goujon 75008 Paris ou l\u2019un des services propos\u00e9s sur celui-ci.<br><strong>Site<\/strong> : il s\u2019agit du site <a href=\"https:\/\/www.avenir-patrimoine.fr\/\">Avenir et Patrimoine<\/a><\/p>\n\n\n\n<h3 class=\"wp-block-heading\"><strong>Collecte et finalit\u00e9s du traitement des donn\u00e9es<\/strong><\/h3>\n\n\n\n<p>Avenir &amp; Patrimoine est susceptible de collecter des donn\u00e9es \u00e0 caract\u00e8re personnel sur tout Utilisateur naviguant, consultant et\/ou commandant sur notre Site, notamment par l&rsquo;utilisation de cookies conform\u00e9ment \u00e0 la l\u00e9gislation en vigueur.<\/p>\n\n\n\n<p>Cette collecte de donn\u00e9es s\u2019effectue lorsque l\u2019Utilisateur :<\/p>\n\n\n\n<ul class=\"wp-block-list\">\n<li>contacte l\u2019association par tout moyen de communication mis \u00e0 sa disposition\u00a0;<\/li>\n\n\n\n<li>navigue sur le Site et consulte des articles\u00a0;<\/li>\n\n\n\n<li>remplit un formulaire de saisie d\u2019informations sur le site.<\/li>\n<\/ul>\n\n\n\n<p>Les donn\u00e9es collect\u00e9es sont n\u00e9cessaires aux traitements suivants :<\/p>\n\n\n\n<ul class=\"wp-block-list\">\n<li>R\u00e9alisation de statistiques de la mesure d\u2019audience ;<\/li>\n<\/ul>\n\n\n\n<h3 class=\"wp-block-heading\"><strong>Formulaires<\/strong><\/h3>\n\n\n\n<p>L\u2019Utilisateur devra renseigner tous les champs du formulaire de saisie d\u2019informations sur le Site \u00e0 l\u2019exception des champs affich\u00e9s comme facultatifs c\u2019est-\u00e0-dire non signal\u00e9s par un ast\u00e9risque..<\/p>\n\n\n\n<p>Toutes les informations signal\u00e9es par un ast\u00e9risque sont obligatoires. L\u2019Utilisateur doit y r\u00e9pondre.<\/p>\n\n\n\n<p>Tout d\u00e9faut de r\u00e9ponse aura pour cons\u00e9quence la non validation du formulaire de saisie d\u2019informations. Avenir &amp; Patrimoine ne donnera pas suite aux demandes de l\u2019Utilisateur.&nbsp;<\/p>\n\n\n\n<h3 class=\"wp-block-heading\"><strong>Destinataires des donn\u00e9es<\/strong><\/h3>\n\n\n\n<p>Les donn\u00e9es collect\u00e9es sont destin\u00e9es \u00e0 l&rsquo;usage d\u2019Avenir &amp; Patrimoine.&nbsp;<\/p>\n\n\n\n<h3 class=\"wp-block-heading\"><strong>Droit d\u2019acc\u00e8s, de rectification et de suppression<\/strong><\/h3>\n\n\n\n<p>L&rsquo;Utilisateur est inform\u00e9 que ce traitement automatis\u00e9 de donn\u00e9es \u00e0 caract\u00e8re personnel a fait l&rsquo;objet d&rsquo;une d\u00e9claration aupr\u00e8s de la CNIL. Conform\u00e9ment \u00e0 la loi Informatique et Libert\u00e9s du 6 janvier 1978 modifi\u00e9e, l\u2019Utilisateur dispose d&rsquo;un droit d&rsquo;acc\u00e8s, de rectification, de limitation, de portabilit\u00e9, d&rsquo;opposition, d&rsquo;effacement et de suppression des donn\u00e9es le concernant.<\/p>\n\n\n\n<p>Pour cela, il lui suffit d\u2019envoyer un email \u00e0 <a href=\"https:\/\/www.avenir-patrimoine.fr\/Association\/courriel\">avenirpatrim@gmail.com<\/a> ou un courrier \u00e0 Avenir &amp; Patrimoine, 18 rue Jean Goujon, 75008 Paris, en justifiant de son identit\u00e9 : en indiquant ses nom, pr\u00e9nom et adresse postale. Sa demande doit \u00eatre sign\u00e9e. L\u2019Utilisateur peut pr\u00e9ciser l\u2019adresse \u00e0 laquelle doit lui parvenir la r\u00e9ponse.<\/p>\n\n\n\n<p>Avenir &amp; Patrimoine dispose d\u2019un d\u00e9lai de 2 mois \u00e0 compter de la r\u00e9ception de la demande de l\u2019Utilisateur pour y r\u00e9pondre. A l\u2019issue de ce d\u00e9lai, le Client pourra saisir la CNIL en cas de r\u00e9ponse n\u00e9gative ou absence de r\u00e9ponse de la part d\u2019Avenir &amp; Patrimoine.<\/p>\n\n\n\n<h3 class=\"wp-block-heading\"><strong>Dur\u00e9e de conservation des donn\u00e9es<\/strong><\/h3>\n\n\n\n<p>Avenir &amp; Patrimoine conserve les donn\u00e9es pendant une dur\u00e9e de cinq ann\u00e9es \u00e0 compter de la fin des relations avec le Client ou prospect. Le d\u00e9lai commence \u00e0 partir de la derni\u00e8re connexion au compte personnel d\u2019Utilisateur, ou de l\u2019envoi d\u2019un courriel au service client, ou d\u2019un clic sur un lien hypertexte d\u2019un courriel adress\u00e9 par Avenir &amp; Patrimoine, ou enfin d\u2019une r\u00e9ponse positive \u00e0 un courriel demandant si le client souhaite continuer \u00e0 recevoir de la lettre d\u2019information et\/ou les informations des marques partenaires \u00e0 l\u2019\u00e9ch\u00e9ance du d\u00e9lai de cinq ans. A l\u2019issue de ce d\u00e9lai les donn\u00e9es du client ou prospect seront anonymis\u00e9es.<\/p>\n\n\n\n<p>N\u00e9anmoins, les informations permettant d\u2019\u00e9tablir la preuve d\u2019un droit ou d\u2019un contrat, ou conserv\u00e9es au titre du respect d\u2019une obligation l\u00e9gale peuvent \u00eatre archiv\u00e9es conform\u00e9ment aux dispositions l\u00e9gales en vigueur.<\/p>\n\n\n\n<h3 class=\"wp-block-heading\"><strong>Sort des donn\u00e9es personnelles apr\u00e8s le d\u00e9c\u00e8s<\/strong><\/h3>\n\n\n\n<p>Avenir &amp; Patrimoine informe l\u2019Utilisateur qu\u2019il peut d\u00e9finir, de son vivant, des directives relatives \u00e0 la conservation, \u00e0 l\u2019effacement et \u00e0 la communication de ses donn\u00e9es personnelles apr\u00e8s son d\u00e9c\u00e8s. Ces directives peuvent \u00eatre g\u00e9n\u00e9rales ou particuli\u00e8res. L\u2019Utilisateur peut modifier ou r\u00e9voquer ses directives \u00e0 tout moment. Pour ce faire, l\u2019Utilisateur peut contacter par email avenirpatrim@gmail.com ou par courrier au 18 rue Jean Goujon, 75008 Paris avec comme objet: \u00ab Le sort de mes donn\u00e9es Avenir &amp; Patrimoine apr\u00e8s mon d\u00e9c\u00e8s \u00bb.<\/p>\n\n\n\n<p>L\u2019Utilisateur indique ses nom, pr\u00e9nom et adresse postale. Sa demande doit \u00eatre sign\u00e9e. L\u2019Utilisateur peut pr\u00e9ciser l\u2019adresse \u00e0 laquelle doit lui parvenir la r\u00e9ponse.<\/p>\n\n\n\n<h2 class=\"wp-block-heading\"><strong>Les cookies<\/strong><\/h2>\n\n\n\n<h3 class=\"wp-block-heading\"><strong>D\u00e9finition du Cookie<\/strong><\/h3>\n\n\n\n<p>Un cookie est un petit fichier texte qui est plac\u00e9 ou stock\u00e9 sur votre terminal (ordinateur, tablette ou appareil mobile) lorsque vous visitez un site internet. Le cookie permet \u00e0 un site de vous reconna\u00eetre, de vous aider \u00e0 naviguer de page en page sur un site internet, fournit des connexions s\u00e9curis\u00e9es et se souvient de vos pr\u00e9f\u00e9rences lors de vos prochaines visites.<\/p>\n\n\n\n<h3 class=\"wp-block-heading\"><strong>Suppression des cookies<\/strong><\/h3>\n\n\n\n<p>L\u2019Utilisateur peut \u00e0 tout moment d\u00e9sactiver les cookies enregistr\u00e9s sur son terminal. Pour cela, il lui suffit de s\u00e9lectionner les param\u00e8tres appropri\u00e9s dans son navigateur. Cependant, cette d\u00e9sactivation aura pour cons\u00e9quence d&#8217;emp\u00eacher l&rsquo;acc\u00e8s \u00e0 certaines fonctionnalit\u00e9s du Site permettant de personnaliser les services propos\u00e9s par Avenir &amp; Patrimoine.<\/p>\n\n\n\n<h3 class=\"wp-block-heading\"><strong>Les diff\u00e9rents types de cookies utilis\u00e9s<\/strong><\/h3>\n\n\n\n<ul class=\"wp-block-list\">\n<li>Les cookies strictement n\u00e9cessaires : ces cookies vous permettent de naviguer sur le Site et sont indispensables au bon fonctionnement du Site. Leur d\u00e9sactivation entra\u00eenera des difficult\u00e9s dans l\u2019utilisation du Site et aura pour cons\u00e9quence d&#8217;emp\u00eacher l&rsquo;acc\u00e8s \u00e0 certaines fonctionnalit\u00e9s.<\/li>\n\n\n\n<li>Les cookies fonctionnels : ces cookies permettent de m\u00e9moriser vos pr\u00e9f\u00e9rences, vos choix afin de personnaliser votre exp\u00e9rience sur le Site.<\/li>\n\n\n\n<li>Les cookies de performance et statistiques : ces cookies collectent des informations sur la fa\u00e7on dont les Utilisateurs utilisent le Site (le nombre de visites, le nombre de pages consult\u00e9es, l\u2019activit\u00e9 des visiteurs) via les outils d\u2019analyse Google Analytics et Facebook. Ces cookies nous permettent \u00e9galement d\u2019identifier et de r\u00e9soudre les probl\u00e8mes de fonctionnement du Site et de l\u2019am\u00e9liorer.\u00a0<\/li>\n<\/ul>\n\n\n\n<h3 class=\"wp-block-heading\"><strong>La gestion des cookies<\/strong><\/h3>\n\n\n\n<p>Pour la gestion des cookies et de vos choix, la configuration de chaque navigateur est diff\u00e9rente. Elle est d\u00e9crite dans le menu d&rsquo;aide de votre navigateur, qui vous permettra de savoir de quelle mani\u00e8re modifier vos souhaits en mati\u00e8re de cookies.<\/p>\n\n\n\n<h3 class=\"wp-block-heading\"><strong>D\u00e9sactivation des cookies via les principaux navigateurs :<\/strong><\/h3>\n\n\n\n<h4 class=\"wp-block-heading\"><strong>Internet explorer&nbsp;<\/strong><\/h4>\n\n\n\n<ol start=\"1\" class=\"wp-block-list\">\n<li>\n<ol start=\"1\" class=\"wp-block-list\">\n<li>Dans le menu \u00ab Outils \u00bb, s\u00e9lectionnez \u00ab Options Internet \u00bb<\/li>\n<\/ol>\n<\/li>\n<\/ol>\n\n\n\n<p>2) Cliquez ensuite sur l\u2019onglet \u00ab Confidentialit\u00e9 \u00bb<\/p>\n\n\n\n<p>3) Cliquez sur le bouton \u00ab Avanc\u00e9 \u00bb pour faire apparaitre la fen\u00eatre \u00ab Param\u00e8tres de confidentialit\u00e9 avanc\u00e9s \u00bb.<\/p>\n\n\n\n<p>4) Cochez ensuite la case \u00ab Ignorer la gestion automatique des cookies \u00bb, puis s\u00e9lectionnez \u00ab Refuser \u00bb et sauvegardez vos pr\u00e9f\u00e9rences en cliquant sur \u00ab OK \u00bb.<\/p>\n\n\n\n<h4 class=\"wp-block-heading\"><strong>Mozilla Firefox&nbsp;<\/strong><\/h4>\n\n\n\n<ol start=\"1\" class=\"wp-block-list\">\n<li>\n<ol start=\"1\" class=\"wp-block-list\">\n<li>Dans le menu en haut de la page cliquez sur \u00ab Outils \u00bb, puis \u00ab Options\u00a0\u00bb<\/li>\n\n\n\n<li>S\u00e9lectionnez l\u2019onglet \u00ab Vie priv\u00e9e \u00bb<\/li>\n\n\n\n<li>Param\u00e9trer le menu \u00ab R\u00e8gles de conservation \u00bb, cliquez sur \u00ab utiliser les param\u00e8tres personnalis\u00e9s pour l\u2019historique \u00bb<\/li>\n\n\n\n<li>D\u00e9cochez la case \u00ab accepter les cookies tiers \u00bb et sauvegardez vos pr\u00e9f\u00e9rences en cliquant sur \u00ab OK \u00bb.<\/li>\n<\/ol>\n<\/li>\n<\/ol>\n\n\n\n<h4 class=\"wp-block-heading\"><strong>Google Chrome<\/strong><\/h4>\n\n\n\n<ol start=\"1\" class=\"wp-block-list\">\n<li>Dans le menu, cliquez sur \u00ab Param\u00e8tres \u00bb puis sur \u00ab Afficher les param\u00e8tres avanc\u00e9s \u00bb<\/li>\n\n\n\n<li>S\u00e9lectionnez l\u2019onglet \u00ab Confidentialit\u00e9 \u00bb puis le menu \u00ab Param\u00e8tres de contenus\u00bb.<\/li>\n\n\n\n<li>Cochez la case \u00ab Bloquer les cookies et donn\u00e9es de sites tiers \u00bb et sauvegardez vos pr\u00e9f\u00e9rences en cliquant sur \u00ab OK \u00bb.<\/li>\n<\/ol>\n\n\n\n<h4 class=\"wp-block-heading\"><strong>Safari\u00a0<\/strong><\/h4>\n\n\n\n<p>1) Dans le menu en haut de la page, cliquez sur \u00ab Safari \u00bb, puis \u00ab Pr\u00e9f\u00e9rences\u00bb<\/p>\n\n\n\n<ol start=\"1\" class=\"wp-block-list\">\n<li>\n<ol start=\"1\" class=\"wp-block-list\">\n<li>Cliquez sur l\u2019onglet \u00ab Confidentialit\u00e9 \u00bb<\/li>\n\n\n\n<li>D\u00e9cochez la case \u00ab Accepter les cookies \u00bb et sauvegardez vos pr\u00e9f\u00e9rences.<\/li>\n<\/ol>\n<\/li>\n<\/ol>\n\n\n\n<h4 class=\"wp-block-heading\"><strong>D\u00e9sactivation via une plateforme interprofessionnelle<\/strong><\/h4>\n\n\n\n<p>Vous pouvez \u00e9galement vous connecter au site&nbsp;<a href=\"https:\/\/www.youronlinechoices.com\/\"><strong>Youronlinechoices<\/strong><\/a>, propos\u00e9 par les professionnels de la publicit\u00e9 digitale regroup\u00e9s au sein de l\u2019association europ\u00e9enne EDAA (European Digital Advertising Alliance) et g\u00e9r\u00e9 en France par l\u2019Interactive Advertising Bureau France. Cette plate-forme europ\u00e9enne est partag\u00e9e par des centaines de professionnels de la publicit\u00e9 sur Internet et constitue une interface centralis\u00e9e vous permettant d&rsquo;exprimer votre refus ou votre acceptation des cookies susceptibles d&rsquo;\u00eatre utilis\u00e9s afin d&rsquo;adapter \u00e0 la navigation de votre terminal les publicit\u00e9s susceptibles d&rsquo;y \u00eatre affich\u00e9es: <a href=\"http:\/\/www.youronlinechoices.com\/fr\/controler-ses-cookies\"><strong>http:\/\/www.youronlinechoices.com\/fr\/controler-ses-cookies\/<\/strong><\/a>.<\/p>\n\n\n\n<p>Avenir &amp; Patrimoine informe l\u2019Utilisateur que cette proc\u00e9dure n&#8217;emp\u00eachera pas l&rsquo;affichage de publicit\u00e9s sur les sites Internet que vous visitez. Elle ne bloquera que les technologies qui permettent d&rsquo;adapter des publicit\u00e9s \u00e0 vos centres d&rsquo;int\u00e9r\u00eats.<\/p>\n\n\n\n<h3 class=\"wp-block-heading\"><strong>Module de gestion de cookies<\/strong><\/h3>\n\n\n\n<p>Avenir &amp; Patrimoine met \u00e0 la disposition des Utilisateurs du Site un module leur permettant de s\u2019opposer aux cookies d\u00e9pos\u00e9s sur le Site. Pour ce faire, l\u2019Utilisateur peut cliquer sur le bouton \u00abPersonnaliser\u00bb pr\u00e9sent dans le bandeau d\u2019information mentionnant les finalit\u00e9s des cookies d\u00e9pos\u00e9s. Il a \u00e0 tout moment la possibilit\u00e9 de modifier ses choix via le push \u00ab\u00a0cookies consent\u00a0\u00bb situ\u00e9 en bas de page<\/p>\n\n\n\n<h3 class=\"wp-block-heading\"><strong>Balises Web<\/strong><\/h3>\n\n\n\n<p>Avenir &amp; Patrimoine utilise des balises web sur certaines pages du Site qui permettent de compter le nombre de visiteurs de la page. Ces balises web peuvent \u00eatre utilis\u00e9es avec certains de nos partenaires commerciaux, notamment afin de mesurer et am\u00e9liorer l&rsquo;efficacit\u00e9 de certaines publicit\u00e9s. Les informations collect\u00e9es via ces balises web sont anonymes et permettent de conna\u00eetre la fr\u00e9quentation de certaines pages du Site, et ce afin de mieux assister les Utilisateurs du Site.<\/p>\n\n\n\n<h3 class=\"wp-block-heading\"><strong>Mesures de s\u00e9curit\u00e9 prises par Avenir &amp; Patrimoine<\/strong> <strong>pour assurer la protection des donn\u00e9es personnelles<\/strong><\/h3>\n\n\n\n<p>Avenir &amp; Patrimoine met en \u0153uvre tout moyen technique conform\u00e9ment aux r\u00e8gles de l\u2019art pour maintenir l\u2019int\u00e9grit\u00e9, la s\u00e9curit\u00e9, la confidentialit\u00e9 des donn\u00e9es et notamment emp\u00eacher qu\u2019elles soient d\u00e9form\u00e9es, endommag\u00e9es, ou que des tiers non autoris\u00e9s y aient acc\u00e8s.<\/p>\n","protected":false},"excerpt":{"rendered":"<p>Information sur l\u2019\u00e9diteur du site Le site avenir-patrimoine.fr est \u00e9dit\u00e9 par l\u2019association Avenir &amp; Patrimoine situ\u00e9e au 18 rue Jean [&hellip;]<\/p>\n","protected":false},"author":1,"featured_media":0,"parent":0,"menu_order":0,"comment_status":"closed","ping_status":"open","template":"","meta":{"site-sidebar-layout":"default","site-content-layout":"","ast-site-content-layout":"default","site-content-style":"default","site-sidebar-style":"default","ast-global-header-display":"","ast-banner-title-visibility":"","ast-main-header-display":"","ast-hfb-above-header-display":"","ast-hfb-below-header-display":"","ast-hfb-mobile-header-display":"","site-post-title":"","ast-breadcrumbs-content":"","ast-featured-img":"","footer-sml-layout":"","ast-disable-related-posts":"","theme-transparent-header-meta":"","adv-header-id-meta":"","stick-header-meta":"","header-above-stick-meta":"","header-main-stick-meta":"","header-below-stick-meta":"","astra-migrate-meta-layouts":"default","ast-page-background-enabled":"default","ast-page-background-meta":{"desktop":{"background-color":"var(--ast-global-color-5)","background-image":"","background-repeat":"repeat","background-position":"center center","background-size":"auto","background-attachment":"scroll","background-type":"","background-media":"","overlay-type":"","overlay-color":"","overlay-opacity":"","overlay-gradient":""},"tablet":{"background-color":"","background-image":"","background-repeat":"repeat","background-position":"center center","background-size":"auto","background-attachment":"scroll","background-type":"","background-media":"","overlay-type":"","overlay-color":"","overlay-opacity":"","overlay-gradient":""},"mobile":{"background-color":"","background-image":"","background-repeat":"repeat","background-position":"center center","background-size":"auto","background-attachment":"scroll","background-type":"","background-media":"","overlay-type":"","overlay-color":"","overlay-opacity":"","overlay-gradient":""}},"ast-content-background-meta":{"desktop":{"background-color":"var(--ast-global-color-4)","background-image":"","background-repeat":"repeat","background-position":"center center","background-size":"auto","background-attachment":"scroll","background-type":"","background-media":"","overlay-type":"","overlay-color":"","overlay-opacity":"","overlay-gradient":""},"tablet":{"background-color":"var(--ast-global-color-4)","background-image":"","background-repeat":"repeat","background-position":"center center","background-size":"auto","background-attachment":"scroll","background-type":"","background-media":"","overlay-type":"","overlay-color":"","overlay-opacity":"","overlay-gradient":""},"mobile":{"background-color":"var(--ast-global-color-4)","background-image":"","background-repeat":"repeat","background-position":"center center","background-size":"auto","background-attachment":"scroll","background-type":"","background-media":"","overlay-type":"","overlay-color":"","overlay-opacity":"","overlay-gradient":""}},"footnotes":""},"class_list":["post-3","page","type-page","status-publish","hentry"],"_links":{"self":[{"href":"https:\/\/www.avenir-patrimoine.fr\/index.php\/wp-json\/wp\/v2\/pages\/3","targetHints":{"allow":["GET"]}}],"collection":[{"href":"https:\/\/www.avenir-patrimoine.fr\/index.php\/wp-json\/wp\/v2\/pages"}],"about":[{"href":"https:\/\/www.avenir-patrimoine.fr\/index.php\/wp-json\/wp\/v2\/types\/page"}],"author":[{"embeddable":true,"href":"https:\/\/www.avenir-patrimoine.fr\/index.php\/wp-json\/wp\/v2\/users\/1"}],"replies":[{"embeddable":true,"href":"https:\/\/www.avenir-patrimoine.fr\/index.php\/wp-json\/wp\/v2\/comments?post=3"}],"version-history":[{"count":4,"href":"https:\/\/www.avenir-patrimoine.fr\/index.php\/wp-json\/wp\/v2\/pages\/3\/revisions"}],"predecessor-version":[{"id":266,"href":"https:\/\/www.avenir-patrimoine.fr\/index.php\/wp-json\/wp\/v2\/pages\/3\/revisions\/266"}],"wp:attachment":[{"href":"https:\/\/www.avenir-patrimoine.fr\/index.php\/wp-json\/wp\/v2\/media?parent=3"}],"curies":[{"name":"wp","href":"https:\/\/api.w.org\/{rel}","templated":true}]}}