{"id":34,"date":"2026-03-21T14:39:09","date_gmt":"2026-03-21T14:39:09","guid":{"rendered":"http:\/\/hqndhhp.cluster100.hosting.ovh.net\/index.php\/home\/"},"modified":"2026-04-21T11:55:26","modified_gmt":"2026-04-21T11:55:26","slug":"home","status":"publish","type":"page","link":"https:\/\/www.avenir-patrimoine.fr\/","title":{"rendered":""},"content":{"rendered":"\n<div class=\"wp-block-group alignfull superbthemes-navigation-004 is-layout-flow wp-block-group-is-layout-flow\" style=\"margin-top:0;margin-bottom:0;padding-top:0;padding-bottom:0\">\n<div class=\"wp-block-cover aligncenter is-light\" style=\"margin-top:0;margin-bottom:0;padding-top:var(--wp--preset--spacing--superbspacing-xxlarge);padding-right:0;padding-bottom:var(--wp--preset--spacing--superbspacing-xxlarge);padding-left:0;min-height:463px;aspect-ratio:unset;\"><img loading=\"lazy\" decoding=\"async\" width=\"1024\" height=\"683\" class=\"wp-block-cover__image-background wp-image-190 size-large\" alt=\"Les invalides\" src=\"http:\/\/hqndhhp.cluster100.hosting.ovh.net\/wp-content\/uploads\/2026\/03\/invalides-1024x683.jpg\" data-object-fit=\"cover\" srcset=\"https:\/\/www.avenir-patrimoine.fr\/wp-content\/uploads\/2026\/03\/invalides-1024x683.jpg 1024w, https:\/\/www.avenir-patrimoine.fr\/wp-content\/uploads\/2026\/03\/invalides-300x200.jpg 300w, https:\/\/www.avenir-patrimoine.fr\/wp-content\/uploads\/2026\/03\/invalides-768x512.jpg 768w, https:\/\/www.avenir-patrimoine.fr\/wp-content\/uploads\/2026\/03\/invalides-1536x1025.jpg 1536w, https:\/\/www.avenir-patrimoine.fr\/wp-content\/uploads\/2026\/03\/invalides.jpg 1700w\" sizes=\"auto, (max-width: 1024px) 100vw, 1024px\" \/><span aria-hidden=\"true\" class=\"wp-block-cover__background has-background-dim-10 has-background-dim\" style=\"background-color:#af9e8e\"><\/span><div class=\"wp-block-cover__inner-container is-layout-flow wp-container-core-cover-is-layout-d0f87605 wp-block-cover-is-layout-flow\">\n<h1 class=\"wp-block-heading has-text-align-center\">Explorer, d\u00e9battre et comprendre le patrimoine<\/h1>\n<\/div><\/div>\n<\/div>\n\n\n\n<h1 class=\"wp-block-heading alignwide has-text-align-center\">Avenir &amp; Patrimoine, <br><em>Future &amp; h\u00e9ritage<\/em><\/h1>\n\n\n\n<h2 class=\"wp-block-heading has-text-align-center\"><strong>L&rsquo;association<\/strong> <strong>Avenir &amp; Patrimoine regroupe, aussi bien, des acteurs de la vie du patrimoine, dans leurs diverses fonctions, que des amateurs d&rsquo;architecture et d\u2019art, sous toutes les formes<\/strong><\/h2>\n\n\n\n<hr class=\"wp-block-separator has-alpha-channel-opacity\"\/>\n\n\n\n<div class=\"wp-block-media-text is-stacked-on-mobile\"><figure class=\"wp-block-media-text__media\"><img loading=\"lazy\" decoding=\"async\" width=\"680\" height=\"510\" src=\"https:\/\/www.avenir-patrimoine.fr\/wp-content\/uploads\/2026\/04\/place-denfert-rochereau.jpg\" alt=\"\" class=\"wp-image-480 size-full\" srcset=\"https:\/\/www.avenir-patrimoine.fr\/wp-content\/uploads\/2026\/04\/place-denfert-rochereau.jpg 680w, https:\/\/www.avenir-patrimoine.fr\/wp-content\/uploads\/2026\/04\/place-denfert-rochereau-300x225.jpg 300w\" sizes=\"auto, (max-width: 680px) 100vw, 680px\" \/><\/figure><div class=\"wp-block-media-text__content\">\n<h2 class=\"wp-block-heading\">Les transformations de la place Denfert Rochereau<\/h2>\n\n\n\n<h3 class=\"wp-block-heading\">Samedi 25 avril \u00e0 14h30 : une visite avec Alexandre Chemetoff<\/h3>\n\n\n\n<h4 class=\"wp-block-heading\">UNE GRANDE PLACE PARISIENNE, UNE PLACE COMPOS\u00c9E, UNE PLACE-JARDIN, UNE PLACE-PAYSAGE, UNE PLACE APAIS\u00c9E, UNE PLACE VIVANTE : UNE PLACE !<\/h4>\n\n\n\n<p>Le projet r\u00e9pond aux grands enjeux du programme, faire de la place un lieu de vie, prendre en compte les enjeux patrimoniaux, accentuer la v\u00e9g\u00e9talisation de la place et valoriser le patrimoine arbor\u00e9 existant, conserver l\u2019attractivit\u00e9 du p\u00f4le de transports, int\u00e9grer les contraintes de gestion des eaux pluviales et d\u2019arrosage. Il prend en compte les propositions issues de l\u2019analyse des trois scenarii : pouvoir se tenir au pied du Lion, agrandir et relier entre eux les espaces pi\u00e9tonniers et plant\u00e9s, limiter les espaces d\u00e9di\u00e9s \u00e0 la seule circulation automobile, mettre en valeur la convergence des boulevards et des avenues rayonnants,<br>\u00e9tablir une g\u00e9om\u00e9trie stable et p\u00e9renne \u00e0 partir de l\u2019existant.<\/p>\n\n\n\n<p><br><br><\/p>\n<\/div><\/div>\n\n\n\n<p><strong>14h30 : Rendez-vous sortie du m\u00e9tro Saint-Jacques. Visite organis\u00e9e avec l&rsquo;association \u00ab\u00a0Les architectes du patrimoine\u00a0\u00bb. Inscription obligatoire. nombre de places tr\u00e8s limit\u00e9es<\/strong><\/p>\n\n\n\n<div class=\"wp-block-buttons is-layout-flex wp-block-buttons-is-layout-flex\"><\/div>\n\n\n\n<div class=\"wp-block-buttons is-layout-flex wp-block-buttons-is-layout-flex\"><\/div>\n\n\n\n<p><br><\/p>\n\n\n\n<div class=\"wp-block-group alignfull is-layout-flow wp-block-group-is-layout-flow\">\n<div class=\"wp-block-group alignfull has-mono-4-background-color has-background is-layout-constrained wp-container-core-group-is-layout-129f6e7c wp-block-group-is-layout-constrained\" style=\"margin-top:0;margin-bottom:0;padding-top:var(--wp--preset--spacing--superbspacing-large);padding-right:var(--wp--preset--spacing--superbspacing-small);padding-bottom:var(--wp--preset--spacing--superbspacing-large);padding-left:var(--wp--preset--spacing--superbspacing-small)\">\n<div class=\"wp-block-columns alignwide is-layout-flex wp-container-core-columns-is-layout-25593187 wp-block-columns-is-layout-flex\">\n<div class=\"wp-block-column is-vertically-aligned-center is-layout-flow wp-container-core-column-is-layout-a1628350 wp-block-column-is-layout-flow\" style=\"padding-top:0;padding-right:0;padding-bottom:0;padding-left:0\">\n<div class=\"wp-block-group is-layout-flow wp-container-core-group-is-layout-ff697075 wp-block-group-is-layout-flow\">\n<h2 class=\"wp-block-heading has-text-align-left has-superbfont-xlarge-font-size\" style=\"line-height:1.2\">Conf\u00e9rence<\/h2>\n\n\n\n<h2 class=\"wp-block-heading has-text-align-left\">L\u2019H\u00f4tel National des Invalides<\/h2>\n\n\n\n<p class=\"has-mono-2-color has-text-color has-link-color wp-elements-673dfb24b6329fab73f5931e36040fac\">Construit au XVII\u00e8me si\u00e8cle par Louis XIV, l\u2019\u00e9difice incarne pour de nombreux architectes la quintessence du classicisme. C\u2019est un hospice destin\u00e9 aux soldats bless\u00e9s. <br><strong>Paul Barnoud a rendu compte le 27 mars 2026 des observations qu\u2019il a pu faire pendant une dizaine d\u2019ann\u00e9es de compagnonnage avec l\u2019\u00e9difice, comme architecte charg\u00e9 de sa restauration.<\/strong><br>L\u2019\u00e9difice construit par deux architectes pr\u00e9sente une unit\u00e9 tr\u00e8s forte.<br>Paul Barnoud a examin\u00e9 le r\u00f4le de l\u2019h\u00f4tel dans l\u2019urbanisme de l\u2019Ouest de Paris et sa tr\u00e8s forte signification symbolique actuelle.<br><\/p>\n\n\n\n<div class=\"wp-block-buttons is-content-justification-center is-layout-flex wp-container-core-buttons-is-layout-a89b3969 wp-block-buttons-is-layout-flex\">\n<div class=\"wp-block-button is-style-outline is-style-outline--1\"><a class=\"wp-block-button__link wp-element-button\" href=\"https:\/\/www.avenir-patrimoine.fr\/index.php\/historique\/\">D\u00e9couvrir toutes les conf\u00e9rences<\/a><\/div>\n<\/div>\n<\/div>\n<\/div>\n\n\n\n<div class=\"wp-block-column is-vertically-aligned-center is-layout-flow wp-container-core-column-is-layout-40a2a7e8 wp-block-column-is-layout-flow\" style=\"padding-right:0;padding-bottom:0;padding-left:0\">\n<figure class=\"wp-block-image size-full is-resized has-custom-border\"><img loading=\"lazy\" decoding=\"async\" width=\"600\" height=\"600\" src=\"http:\/\/hqndhhp.cluster100.hosting.ovh.net\/wp-content\/uploads\/2026\/04\/hotel-des_invalides.jpg\" alt=\"\" class=\"wp-image-358\" style=\"border-radius:0px;width:416px;height:auto\" srcset=\"https:\/\/www.avenir-patrimoine.fr\/wp-content\/uploads\/2026\/04\/hotel-des_invalides.jpg 600w, https:\/\/www.avenir-patrimoine.fr\/wp-content\/uploads\/2026\/04\/hotel-des_invalides-300x300.jpg 300w, https:\/\/www.avenir-patrimoine.fr\/wp-content\/uploads\/2026\/04\/hotel-des_invalides-150x150.jpg 150w\" sizes=\"auto, (max-width: 600px) 100vw, 600px\" \/><\/figure>\n<\/div>\n<\/div>\n<\/div>\n\n\n\n<hr class=\"wp-block-separator has-alpha-channel-opacity\"\/>\n<\/div>\n\n\n\n<div class=\"wp-block-media-text is-stacked-on-mobile\"><figure class=\"wp-block-media-text__media\"><img loading=\"lazy\" decoding=\"async\" width=\"680\" height=\"510\" src=\"http:\/\/hqndhhp.cluster100.hosting.ovh.net\/wp-content\/uploads\/2026\/03\/le-colisee-rome.jpg\" alt=\"Le Colis\u00e9e \u00e0 Rome\" class=\"wp-image-222 size-full\" srcset=\"https:\/\/www.avenir-patrimoine.fr\/wp-content\/uploads\/2026\/03\/le-colisee-rome.jpg 680w, https:\/\/www.avenir-patrimoine.fr\/wp-content\/uploads\/2026\/03\/le-colisee-rome-300x225.jpg 300w\" sizes=\"auto, (max-width: 680px) 100vw, 680px\" \/><\/figure><div class=\"wp-block-media-text__content\">\n<h2 class=\"wp-block-heading\">Voyages <\/h2>\n\n\n\n<p>Depuis plus de vingt ans, l\u2019association explore les grandes villes, sites patrimoniaux et chantiers remarquables en France et en Europe.<br>Ces voyages sont l\u2019occasion de rencontrer les acteurs du patrimoine \u2013 architectes, conservateurs, chercheurs \u2013 et de mieux comprendre les transformations de la ville et de l\u2019architecture.<\/p>\n\n\n\n<div class=\"wp-block-buttons is-content-justification-center is-layout-flex wp-container-core-buttons-is-layout-a89b3969 wp-block-buttons-is-layout-flex\">\n<div class=\"wp-block-button\"><a class=\"wp-block-button__link wp-element-button\" href=\"https:\/\/www.avenir-patrimoine.fr\/index.php\/historique-journees-week-ends-voyages\/\">Historique des journ\u00e9es, week-ends et voyages <\/a><\/div>\n<\/div>\n<\/div><\/div>\n\n\n\n<hr class=\"wp-block-separator has-alpha-channel-opacity\"\/>\n\n\n\n<div class=\"wp-block-media-text is-stacked-on-mobile is-vertically-aligned-top\"><figure class=\"wp-block-media-text__media\"><img loading=\"lazy\" decoding=\"async\" width=\"680\" height=\"510\" src=\"http:\/\/hqndhhp.cluster100.hosting.ovh.net\/wp-content\/uploads\/2026\/03\/villers-cotterets.jpg\" alt=\"Ch\u00e2teau de Villers-Cotter\u00eats dans l'Aisne, cit\u00e9 internationale de la langue fran\u00e7aise, avec ses jardins\" class=\"wp-image-228 size-full\" srcset=\"https:\/\/www.avenir-patrimoine.fr\/wp-content\/uploads\/2026\/03\/villers-cotterets.jpg 680w, https:\/\/www.avenir-patrimoine.fr\/wp-content\/uploads\/2026\/03\/villers-cotterets-300x225.jpg 300w\" sizes=\"auto, (max-width: 680px) 100vw, 680px\" \/><\/figure><div class=\"wp-block-media-text__content\">\n<h2 class=\"wp-block-heading\">Visite du Grand Paris<\/h2>\n\n\n\n<p>Depuis plus de vingt ans, l\u2019association explore le Grand Paris \u00e0 travers ses monuments, ses chantiers et ses transformations urbaines.<br>Du Ch\u00e2teau de Vincennes \u00e0 la D\u00e9fense, de la Tour Eiffel au Centre Pompidou, en passant par les grands projets contemporains, chaque visite est une immersion dans l\u2019histoire vivante de l\u2019architecture, guid\u00e9e par des experts du patrimoine.<\/p>\n\n\n\n<div class=\"wp-block-buttons is-content-justification-center is-layout-flex wp-container-core-buttons-is-layout-a89b3969 wp-block-buttons-is-layout-flex\">\n<div class=\"wp-block-button\"><a class=\"wp-block-button__link has-text-align-left wp-element-button\" href=\"https:\/\/www.avenir-patrimoine.fr\/index.php\/historique-visite-dans-le-grand-paris\/\">Historique des visites du Grand Paris<\/a><\/div>\n<\/div>\n<\/div><\/div>\n\n\n\n<hr class=\"wp-block-separator has-alpha-channel-opacity\"\/>\n","protected":false},"excerpt":{"rendered":"<p>Avenir &amp; Patrimoine, Future &amp; h\u00e9ritage L&rsquo;association Avenir &amp; Patrimoine regroupe, aussi bien, des acteurs de la vie du patrimoine, [&hellip;]<\/p>\n","protected":false},"author":1,"featured_media":0,"parent":0,"menu_order":0,"comment_status":"closed","ping_status":"closed","template":"","meta":{"site-sidebar-layout":"default","site-content-layout":"","ast-site-content-layout":"default","site-content-style":"default","site-sidebar-style":"default","ast-global-header-display":"","ast-banner-title-visibility":"","ast-main-header-display":"","ast-hfb-above-header-display":"","ast-hfb-below-header-display":"","ast-hfb-mobile-header-display":"","site-post-title":"","ast-breadcrumbs-content":"","ast-featured-img":"","footer-sml-layout":"","ast-disable-related-posts":"","theme-transparent-header-meta":"","adv-header-id-meta":"","stick-header-meta":"","header-above-stick-meta":"","header-main-stick-meta":"","header-below-stick-meta":"","astra-migrate-meta-layouts":"default","ast-page-background-enabled":"default","ast-page-background-meta":{"desktop":{"background-color":"var(--ast-global-color-5)","background-image":"","background-repeat":"repeat","background-position":"center center","background-size":"auto","background-attachment":"scroll","background-type":"","background-media":"","overlay-type":"","overlay-color":"","overlay-opacity":"","overlay-gradient":""},"tablet":{"background-color":"","background-image":"","background-repeat":"repeat","background-position":"center center","background-size":"auto","background-attachment":"scroll","background-type":"","background-media":"","overlay-type":"","overlay-color":"","overlay-opacity":"","overlay-gradient":""},"mobile":{"background-color":"","background-image":"","background-repeat":"repeat","background-position":"center center","background-size":"auto","background-attachment":"scroll","background-type":"","background-media":"","overlay-type":"","overlay-color":"","overlay-opacity":"","overlay-gradient":""}},"ast-content-background-meta":{"desktop":{"background-color":"var(--ast-global-color-4)","background-image":"","background-repeat":"repeat","background-position":"center center","background-size":"auto","background-attachment":"scroll","background-type":"","background-media":"","overlay-type":"","overlay-color":"","overlay-opacity":"","overlay-gradient":""},"tablet":{"background-color":"var(--ast-global-color-4)","background-image":"","background-repeat":"repeat","background-position":"center center","background-size":"auto","background-attachment":"scroll","background-type":"","background-media":"","overlay-type":"","overlay-color":"","overlay-opacity":"","overlay-gradient":""},"mobile":{"background-color":"var(--ast-global-color-4)","background-image":"","background-repeat":"repeat","background-position":"center center","background-size":"auto","background-attachment":"scroll","background-type":"","background-media":"","overlay-type":"","overlay-color":"","overlay-opacity":"","overlay-gradient":""}},"footnotes":""},"class_list":["post-34","page","type-page","status-publish","hentry"],"_links":{"self":[{"href":"https:\/\/www.avenir-patrimoine.fr\/index.php\/wp-json\/wp\/v2\/pages\/34","targetHints":{"allow":["GET"]}}],"collection":[{"href":"https:\/\/www.avenir-patrimoine.fr\/index.php\/wp-json\/wp\/v2\/pages"}],"about":[{"href":"https:\/\/www.avenir-patrimoine.fr\/index.php\/wp-json\/wp\/v2\/types\/page"}],"author":[{"embeddable":true,"href":"https:\/\/www.avenir-patrimoine.fr\/index.php\/wp-json\/wp\/v2\/users\/1"}],"replies":[{"embeddable":true,"href":"https:\/\/www.avenir-patrimoine.fr\/index.php\/wp-json\/wp\/v2\/comments?post=34"}],"version-history":[{"count":39,"href":"https:\/\/www.avenir-patrimoine.fr\/index.php\/wp-json\/wp\/v2\/pages\/34\/revisions"}],"predecessor-version":[{"id":482,"href":"https:\/\/www.avenir-patrimoine.fr\/index.php\/wp-json\/wp\/v2\/pages\/34\/revisions\/482"}],"wp:attachment":[{"href":"https:\/\/www.avenir-patrimoine.fr\/index.php\/wp-json\/wp\/v2\/media?parent=34"}],"curies":[{"name":"wp","href":"https:\/\/api.w.org\/{rel}","templated":true}]}}