{"id":488,"date":"2026-04-21T12:24:54","date_gmt":"2026-04-21T12:24:54","guid":{"rendered":"https:\/\/www.avenir-patrimoine.fr\/?page_id=488"},"modified":"2026-04-21T12:24:54","modified_gmt":"2026-04-21T12:24:54","slug":"actualites","status":"publish","type":"page","link":"https:\/\/www.avenir-patrimoine.fr\/index.php\/actualites\/","title":{"rendered":"Actualit\u00e9s"},"content":{"rendered":"\n<h2 class=\"wp-block-heading\">Les transformations de la place Denfert Rochereau<\/h2>\n\n\n\n<h3 class=\"wp-block-heading\">Samedi 25 avril (14h30) : une visite avec Alexandre Chemetoff<\/h3>\n\n\n\n<h4 class=\"wp-block-heading\">UNE GRANDE PLACE PARISIENNE, UNE PLACE COMPOS\u00c9E, UNE PLACE-JARDIN, UNE PLACE-PAYSAGE, UNE PLACE APAIS\u00c9E, UNE PLACE VIVANTE : UNE PLACE !<\/h4>\n\n\n\n<figure class=\"wp-block-image aligncenter size-full\"><img loading=\"lazy\" decoding=\"async\" width=\"680\" height=\"510\" src=\"https:\/\/www.avenir-patrimoine.fr\/wp-content\/uploads\/2026\/04\/place-denfert-rochereau.jpg\" alt=\"Place Denfert Rochereau\" class=\"wp-image-480\" srcset=\"https:\/\/www.avenir-patrimoine.fr\/wp-content\/uploads\/2026\/04\/place-denfert-rochereau.jpg 680w, https:\/\/www.avenir-patrimoine.fr\/wp-content\/uploads\/2026\/04\/place-denfert-rochereau-300x225.jpg 300w\" sizes=\"auto, (max-width: 680px) 100vw, 680px\" \/><\/figure>\n\n\n\n<p>Le projet r\u00e9pond aux grands enjeux du programme, faire de la place un lieu de vie, prendre en compte les enjeux patrimoniaux, accentuer la v\u00e9g\u00e9talisation de la place et valoriser le patrimoine arbor\u00e9 existant, conserver l\u2019attractivit\u00e9 du p\u00f4le de transports, int\u00e9grer les contraintes de gestion des eaux pluviales et d\u2019arrosage. Il prend en compte les propositions issues de l\u2019analyse des trois scenarii : pouvoir se tenir au pied du Lion, agrandir et relier entre eux les espaces pi\u00e9tonniers et plant\u00e9s, limiter les espaces d\u00e9di\u00e9s \u00e0 la seule circulation automobile, mettre en valeur la convergence des boulevards et des avenues rayonnants, \u00e9tablir une g\u00e9om\u00e9trie stable et p\u00e9renne \u00e0 partir de l\u2019existant.<\/p>\n\n\n\n<p><strong>Cette visite aura lieu le 25 avril \u00e0 14h30 : Rendez-vous sortie du m\u00e9tro Saint-Jacques.<br>IMPORTANT : celles et ceux qui peuvent : apporter le gilet fluorescent chantier\/travaux.<br>Pour tous : avoir des chaussures adapt\u00e9es au chantier.<\/strong><br><br>VISITE ORGANIS\u00c9E EN ASSOCIATION AVEC \u00ab LES ARCHITECTES DU PATRIMOINE \u00bb<br><strong>INSCRIPTION OBLIGATOIRE<\/strong>. <strong>NOMBRE DE PLACES TR\u00c8S LIMITE.<\/strong><br><br><strong>Envoyer un mail pour s&rsquo;inscrire :<\/strong> <a href=\"mailto:avenirpatrimoine18@gmail.com\">avenirpatrimoine18@gmail.com<\/a><\/p>\n\n\n\n<div class=\"wp-block-buttons is-layout-flex wp-block-buttons-is-layout-flex\">\n<div class=\"wp-block-button\"><a class=\"wp-block-button__link wp-element-button\" href=\"https:\/\/www.avenir-patrimoine.fr\/index.php\/inscription\/\">Adh\u00e9rer \u00e0 l&rsquo;association pour participer \u00e0 l&rsquo;\u00e9v\u00e9nement<\/a><\/div>\n<\/div>\n\n\n\n<hr class=\"wp-block-separator has-alpha-channel-opacity\"\/>\n\n\n\n<h3 class=\"wp-block-heading\">Les transformations de la place Denfert Rochereau<\/h3>\n\n\n\n<p><strong>Le projet comme dialogue. <\/strong><br>Le projet est fond\u00e9 sur l\u2019existant, \u00ab les existants \u00bb devrait-on dire, puisque la place Denfert-Rochereau est le r\u00e9sultat de plusieurs p\u00e9riodes successives qui ont fa\u00e7onn\u00e9 son visage. Le projet a pour ambition de revisiter la place existante pour l\u2019adapter aux usages d\u2019aujourd\u2019hui. Am\u00e9liorer et transformer l\u2019\u00e9tat des lieux pour faire d\u2019un carrefour, une place compos\u00e9e, une place-jardin, une place-paysage, une place vivante, une place ! L\u2019am\u00e9nagement de la place est pens\u00e9 comme une transformation, ceci vaut autant pour la composition d\u2019ensemble mais aussi pour le nivellement, le vocabulaire des sols min\u00e9raux, et les plantations. Le dessin de la place con\u00e7u et mis en \u0153uvre comme un dialogue, dialogue avec le site, dialogue avec le contexte, dialogue avec les acteurs du projet.<\/p>\n\n\n\n<p><strong>Une grande Place Parisienne. <\/strong><br>Le Lion symbolise une place dont personne cependant ne parvient v\u00e9ritablement \u00e0 saisir le caract\u00e8re d\u2019ensemble. Un carrefour circulatoire, de larges chauss\u00e9es, une collection de squares, des trottoirs, une gare de RER, deux pavillons de Ledoux, un mus\u00e9e de la Lib\u00e9ration, une entr\u00e9e des catacombes, une bouche de m\u00e9tro et d\u2019autres, des arr\u00eats d\u2019autobus, des caf\u00e9s et des restaurants, des commerces, des immeubles d\u2019habitations de diff\u00e9rentes \u00e9poques, des grands arbres, des statues\u2026 la place est un inventaire. Par sa taille, plus de quatre hectares, par sa position dans la g\u00e9ographie de la ville, \u00e0 la crois\u00e9e des chemins, par son histoire, barri\u00e8re d\u2019Enfer puis place Denfert Rochereau, par sa notori\u00e9t\u00e9, tout le monde la conna\u00eet ou en a entendu parler. Par ses usages, il s\u2019y passe toujours quelque chose. Lieu majeur du quatorzi\u00e8me arrondissement, la place Denfert Rochereau est, tout d\u2019abord, une grande place parisienne. Son am\u00e9nagement accueille non seulement les usages et fonctions de proximit\u00e9, mais aussi ceux li\u00e9s \u00e0 sa position de premier plan dans la capitale.<\/p>\n\n\n\n<p><strong>Une Place Compos\u00e9e. <\/strong><br>L\u2019am\u00e9nagement de la place est con\u00e7u comme un dialogue. Dialogue avec les h\u00e9ritages de l\u2019histoire, dialogue avec l\u2019existant, dialogue avec les acteurs du projet, les \u00e9lus et les habitants. Plusieurs sc\u00e9narii avaient \u00e9t\u00e9 envisag\u00e9s lors des consultations pr\u00e9alables au lancement de la pr\u00e9sente phase op\u00e9rationnelle. Le projet propose une synth\u00e8se des diff\u00e9rentes hypoth\u00e8ses, int\u00e9grant la r\u00e9union des trois squares autour d\u2019un centre apais\u00e9, tout en raccrochant \u00e0 l\u2019Ouest comme \u00e0 l\u2019Est les squares et les terre-pleins et en transformant les trottoirs en promenades plant\u00e9es. Le nouveau plan de la place reprend les trac\u00e9s qui furent \u00e0 l\u2019origine de son dessin. Au Sud, \u00e0 l\u2019Est et \u00e0 l\u2019Ouest, les trois c\u00f4t\u00e9s d\u2019un quadrilat\u00e8re r\u00e9gulier inscrivent la place dans un cadre reprenant les alignements des boulevards qui accompagnaient l\u2019enceinte des Fermiers G\u00e9n\u00e9raux. Au centre, un disque de pierre redessine autour du Lion le cercle de l\u2019ancien rond-point et entre les deux pavillons de Ledoux, un tapis de pierre r\u00e9unit les deux \u00e9difices marquant l\u2019emprise de l\u2019ancien octroi. Au Nord une chauss\u00e9e, reprenant les emprises des voiries existantes, redessine une figure rayonnante qui distribue les grands axes qui convergent vers le Lion. Entre le square Ledoux et le square Jacques Antoine une pelouse accessible remplace l\u2019ancienne chauss\u00e9e. La Place Denfert-Rochereau gagne ainsi, gr\u00e2ce \u00e0 sa composition, une image, qui lui fait aujourd\u2019hui d\u00e9faut. Pour que Paris soit, pour que la place r\u00e9am\u00e9nag\u00e9e contribue \u00e0 la beaut\u00e9 de la ville, le projet compose \u00e0 partir de tous les h\u00e9ritages, en revisitant les lieux pour les rendre plus naturels et tels qu\u2019en eux-m\u00eames, il int\u00e8gre \u00e0 un dessin d\u2019ensemble les diff\u00e9rents usages et fonctions que la place nouvelle accueille.<\/p>\n\n\n\n<p><strong>Une Place paysage. <\/strong><br>La Place Denfert-Rochereau est aussi un site et une situation g\u00e9ographique, un point haut, qui s\u2019ouvre vers des horizons-paysage dans la perspective des avenues et des boulevards qui rayonnent \u00e0 partir de son centre. L\u2019am\u00e9nagement du disque pi\u00e9ton au pied du Lion de Belfort magnifie cette situation d\u2019exception. Le disque, est une nouvelle place au c\u0153ur de la place, o\u00f9 l\u2019on peut se donner rendez-vous et se tenir, contemplant \u00e0 la fois le monument et le panorama de la ville. On peut voir par exemple, dans l\u2019axe du boulevard Raspail la haute silhouette du tribunal judiciaire de Paris aux Batignolles, cette perspective inscrivant la place dans la g\u00e9ographie de la capitale. La place s\u2019inscrit au c\u0153ur d\u2019un syst\u00e8me de parcs, depuis le parc de la Cit\u00e9 Universitaire, le parc Montsouris, jusqu\u2019au jardin du Luxembourg en passant par le jardin de l\u2019Observatoire et le cimeti\u00e8re du Montparnasse, composant une travers\u00e9e de la rive gauche, de jardins en jardins, en passant par des promenades plant\u00e9es, depuis la limite Sud de la ville, jusqu\u2019\u00e0 la place Saint-Sulpice en direction de la Seine. Chemin faisant on passe ainsi du parc de la Cit\u00e9 Universitaire au jardin du Luxembourg en franchissant seulement sept chauss\u00e9es sur une distance de quatre kilom\u00e8tres. La travers\u00e9e, depuis le terre-plein de l\u2019avenue Coty jusqu\u2019\u00e0 la contre-all\u00e9e de l\u2019avenue Denfert-Rochereau, rendue plus directe et plus confortable, inscrit la place elle-m\u00eame, comme un maillon essentiel de cette grande promenade.<\/p>\n\n\n\n<p><strong>Une Place-jardin. <\/strong><br>Dans la typologie des places parisiennes elle se distingue des autres par son caract\u00e8re v\u00e9g\u00e9tal, \u00e0 la fois arboretum et collection de jardins diff\u00e9rents. 368 arbres d\u2019essences vari\u00e9es poussent sur la place, pourtant on peut ne pas les voir tant le caract\u00e8re circulatoire du lieu est pr\u00e9gnant. Les surfaces v\u00e9g\u00e9talis\u00e9es en pleine terre sont augment\u00e9es de 2 550 m2 compl\u00e9mentaires. Et l\u2019on ne compte pas moins de 116 sujets nouvellement plant\u00e9s. Mais au-del\u00e0 de l\u2019emprise des squares, l\u2019ensemble de la place est transform\u00e9 pour devenir une place-jardin. Les sols sur lesquels on va \u00e0 pied sont constitu\u00e9s de dallages et de pav\u00e9s pos\u00e9s sur sable et l\u2019herbe pousse dans les joints de ces sols modulaires en granit. Certains trottoirs et les all\u00e9es des squares et des jardins sont en stabilis\u00e9 fertile. Les arbres, les arbustes, les plantes vivaces, les couvre-sols existants et nouveaux sont \u00e9tiquet\u00e9s et des plaques signal\u00e9tiques donnent des informations sur les v\u00e9g\u00e9taux. La place-jardin est un lieu d\u2019observation de la nature. Un lieu avec ses propres dynamiques naturelles et vivantes. D\u00e9sormais on voit les arbres et les plantations, la place-jardin est une respiration dans la ville. <\/p>\n\n\n\n<p><strong>Une Place apais\u00e9e. <\/strong><br>Aujourd\u2019hui carrefour d\u00e9di\u00e9 \u00e0 la circulation automobile, la place est apais\u00e9e et les diff\u00e9rents modes de d\u00e9placements y sont mieux r\u00e9partis. Ceux qui vont \u00e0 pied, les enfants, les animaux de compagnie, les usagers des transports en commun, sont les premiers b\u00e9n\u00e9ficiaires de ce nouveau partage. Les surfaces d\u00e9di\u00e9es aux pi\u00e9tons augmentent de pr\u00e8s de 4400 m2. Celles occup\u00e9es par les chauss\u00e9es diminuent de plus d\u2019un hectare. Les emprises square de l\u2019Abb\u00e9 Migne et Georges Lamarque augmentent, un nouveau square est cr\u00e9\u00e9 sur le terre-plein Saint-Jacques. Sur la place la nature retrouve ses droits. <br>Le centre de la place constitu\u00e9e par le disque du Lion et le tapis de pierre entre les deux pavillons Ledoux est d\u00e9di\u00e9e aux pi\u00e9tons. L\u2019autobus num\u00e9ro 38, les v\u00e9los, les v\u00e9hicules prioritaires de la Pr\u00e9fecture de police y sont seuls admis. Partout o\u00f9 marchent les pi\u00e9tons les sols sont en pierre aux joints le plus souvent enherb\u00e9s. Les surfaces circul\u00e9es sont rev\u00eatues de tapis d\u2019enrob\u00e9 silencieux et confortables. Un couloir r\u00e9serv\u00e9 aux autobus et aux taxis, aujourd\u2019hui inexistant, longe les trottoirs ext\u00e9rieurs, permettant une meilleure r\u00e9partition des arr\u00eats et des aubettes. Les espaces r\u00e9serv\u00e9s aux cycles sont consid\u00e9rablement augment\u00e9s, une piste cyclable bidirectionnelle au Nord et une piste monodirectionnelle au Sud, constituent un r\u00e9seau reli\u00e9 aux axes existants assurant une continuit\u00e9 des parcours s\u00e9curis\u00e9s. Les v\u00e9hicules automobiles contournent la place sur deux voies en anneau. Sur la place Denfert-Rochereau chacun trouve sa place, mais personne ne prend la place des autres.<\/p>\n\n\n\n<p><strong>Une Place vivante. <\/strong><br>Les usages existants, comme les nouvelles pratiques de la ville, trouvent leur place sur la place. \u00c0 Denfert-Rochereau, il y a une place pour chacun. Une place pour les pi\u00e9tons, une place pour les cyclistes, une place pour ceux qui empruntent les autobus et les taxis, une place pour les 80000 employ\u00e9s alentour, une place pour les enfants petits et grands et leurs parents, une place pour les chiens, celles et ceux qui les accompagnent. Dans le square Georges Lamarque un mobilier d\u00e9cline sur un mode nouveau le catalogue des bancs traditionnels des parcs et jardins de Paris, le banc gondole et le banc rustique. Les jeux d\u2019enfants renouent avec un imaginaire ludique sortant des catalogues dans lesquels ils \u00e9taient enferm\u00e9s. Le square am\u00e9nag\u00e9 sur le terre-plein du boulevard Saint-Jacques accueille les chiens dans un enclos naturaliste qui pr\u00e9serve leurs \u00e9bats et prot\u00e8ge les riverains. Les usagers des v\u00e9los trouvent \u00e0 proximit\u00e9 de la gare des anneaux en quantit\u00e9 et une station confortable de v\u00e9lib\u2019. Des abris pour ceux qui montent et descendent des autobus sont repositionn\u00e9s et r\u00e9partis le long des trottoirs. Les deux kiosques \u00e0 journaux sont r\u00e9implant\u00e9s. Dans le square Jacques Antoine, ouvert \u00e0 tous, un kiosque est am\u00e9nag\u00e9 en buvette pour accueillir ceux qui cherchent une terrasse agr\u00e9able \u00e0 l\u2019ombre des frondaisons des arbres. Des bancs ville de Paris dessin\u00e9s par Gabriel Davioud, sont dispos\u00e9s le long des trottoirs am\u00e9nag\u00e9s en promenade et l\u2019\u00e9clairage routier existant est remplac\u00e9 par des lanternes qui \u00e9clairent avec discernement les sols o\u00f9 marchent les pi\u00e9tons et ceux o\u00f9 circulent les v\u00e9hicules. Un banc de pierre circulaire prot\u00e8ge le disque du Lion, le centre de la place devient un lieu vivant o\u00f9 l\u2019on se retrouve et o\u00f9 l\u2019on se tient. La place est un espace public en ville, un lieu de rencontres et d\u2019\u00e9changes, un lieu o\u00f9 la nature retrouve ses droits et sa place en ville.<\/p>\n\n\n\n<p><strong>Maitrise d\u2019\u0153uvre Co-traitant(s) : Alexandre Chemetoff &amp; associ\u00e9s, Pierre-Yves Caillault ACMH, G8, Ing\u00e9rop,<br>Ville Ouverte, Althing.<\/strong><\/p>\n","protected":false},"excerpt":{"rendered":"<p>Les transformations de la place Denfert Rochereau Samedi 25 avril (14h30) : une visite avec Alexandre Chemetoff UNE GRANDE PLACE [&hellip;]<\/p>\n","protected":false},"author":1,"featured_media":0,"parent":0,"menu_order":0,"comment_status":"closed","ping_status":"closed","template":"","meta":{"site-sidebar-layout":"default","site-content-layout":"","ast-site-content-layout":"default","site-content-style":"default","site-sidebar-style":"default","ast-global-header-display":"","ast-banner-title-visibility":"","ast-main-header-display":"","ast-hfb-above-header-display":"","ast-hfb-below-header-display":"","ast-hfb-mobile-header-display":"","site-post-title":"","ast-breadcrumbs-content":"","ast-featured-img":"","footer-sml-layout":"","ast-disable-related-posts":"","theme-transparent-header-meta":"","adv-header-id-meta":"","stick-header-meta":"","header-above-stick-meta":"","header-main-stick-meta":"","header-below-stick-meta":"","astra-migrate-meta-layouts":"default","ast-page-background-enabled":"default","ast-page-background-meta":{"desktop":{"background-color":"var(--ast-global-color-5)","background-image":"","background-repeat":"repeat","background-position":"center center","background-size":"auto","background-attachment":"scroll","background-type":"","background-media":"","overlay-type":"","overlay-color":"","overlay-opacity":"","overlay-gradient":""},"tablet":{"background-color":"","background-image":"","background-repeat":"repeat","background-position":"center center","background-size":"auto","background-attachment":"scroll","background-type":"","background-media":"","overlay-type":"","overlay-color":"","overlay-opacity":"","overlay-gradient":""},"mobile":{"background-color":"","background-image":"","background-repeat":"repeat","background-position":"center center","background-size":"auto","background-attachment":"scroll","background-type":"","background-media":"","overlay-type":"","overlay-color":"","overlay-opacity":"","overlay-gradient":""}},"ast-content-background-meta":{"desktop":{"background-color":"var(--ast-global-color-4)","background-image":"","background-repeat":"repeat","background-position":"center center","background-size":"auto","background-attachment":"scroll","background-type":"","background-media":"","overlay-type":"","overlay-color":"","overlay-opacity":"","overlay-gradient":""},"tablet":{"background-color":"var(--ast-global-color-4)","background-image":"","background-repeat":"repeat","background-position":"center center","background-size":"auto","background-attachment":"scroll","background-type":"","background-media":"","overlay-type":"","overlay-color":"","overlay-opacity":"","overlay-gradient":""},"mobile":{"background-color":"var(--ast-global-color-4)","background-image":"","background-repeat":"repeat","background-position":"center center","background-size":"auto","background-attachment":"scroll","background-type":"","background-media":"","overlay-type":"","overlay-color":"","overlay-opacity":"","overlay-gradient":""}},"footnotes":""},"class_list":["post-488","page","type-page","status-publish","hentry"],"_links":{"self":[{"href":"https:\/\/www.avenir-patrimoine.fr\/index.php\/wp-json\/wp\/v2\/pages\/488","targetHints":{"allow":["GET"]}}],"collection":[{"href":"https:\/\/www.avenir-patrimoine.fr\/index.php\/wp-json\/wp\/v2\/pages"}],"about":[{"href":"https:\/\/www.avenir-patrimoine.fr\/index.php\/wp-json\/wp\/v2\/types\/page"}],"author":[{"embeddable":true,"href":"https:\/\/www.avenir-patrimoine.fr\/index.php\/wp-json\/wp\/v2\/users\/1"}],"replies":[{"embeddable":true,"href":"https:\/\/www.avenir-patrimoine.fr\/index.php\/wp-json\/wp\/v2\/comments?post=488"}],"version-history":[{"count":1,"href":"https:\/\/www.avenir-patrimoine.fr\/index.php\/wp-json\/wp\/v2\/pages\/488\/revisions"}],"predecessor-version":[{"id":489,"href":"https:\/\/www.avenir-patrimoine.fr\/index.php\/wp-json\/wp\/v2\/pages\/488\/revisions\/489"}],"wp:attachment":[{"href":"https:\/\/www.avenir-patrimoine.fr\/index.php\/wp-json\/wp\/v2\/media?parent=488"}],"curies":[{"name":"wp","href":"https:\/\/api.w.org\/{rel}","templated":true}]}}