{"id":74,"date":"2026-03-22T10:06:19","date_gmt":"2026-03-22T10:06:19","guid":{"rendered":"http:\/\/hqndhhp.cluster100.hosting.ovh.net\/?page_id=74"},"modified":"2026-03-24T13:15:52","modified_gmt":"2026-03-24T13:15:52","slug":"presentation","status":"publish","type":"page","link":"https:\/\/www.avenir-patrimoine.fr\/index.php\/presentation\/","title":{"rendered":"L&rsquo;Association Avenir &amp; Patrimoine"},"content":{"rendered":"\n<figure class=\"wp-block-image alignfull size-large\"><img loading=\"lazy\" decoding=\"async\" width=\"1024\" height=\"384\" src=\"http:\/\/hqndhhp.cluster100.hosting.ovh.net\/wp-content\/uploads\/2026\/03\/cite-langue-francaise-villers-cotterets-1024x384.jpg\" alt=\"\" class=\"wp-image-104\" srcset=\"https:\/\/www.avenir-patrimoine.fr\/wp-content\/uploads\/2026\/03\/cite-langue-francaise-villers-cotterets-1024x384.jpg 1024w, https:\/\/www.avenir-patrimoine.fr\/wp-content\/uploads\/2026\/03\/cite-langue-francaise-villers-cotterets-300x113.jpg 300w, https:\/\/www.avenir-patrimoine.fr\/wp-content\/uploads\/2026\/03\/cite-langue-francaise-villers-cotterets-768x288.jpg 768w, https:\/\/www.avenir-patrimoine.fr\/wp-content\/uploads\/2026\/03\/cite-langue-francaise-villers-cotterets-1536x576.jpg 1536w, https:\/\/www.avenir-patrimoine.fr\/wp-content\/uploads\/2026\/03\/cite-langue-francaise-villers-cotterets.jpg 1600w\" sizes=\"auto, (max-width: 1024px) 100vw, 1024px\" \/><\/figure>\n\n\n\n<h2 class=\"wp-block-heading\">Pr\u00e9sentation de l\u2019association Avenir &amp; Patrimoine<\/h2>\n\n\n\n<h3 class=\"wp-block-heading\">La vie de l&rsquo;association est structur\u00e9e autour des objectifs suivants :<\/h3>\n\n\n\n<ul class=\"wp-block-list\">\n<li><strong>Prendre part avec des responsables, aux structures de r\u00e9flexion et de recherche en commun sur les grands enjeux du patrimoine et de l&rsquo;am\u00e9nagement.<\/strong><\/li>\n\n\n\n<li><strong>Organiser des visites sur les grands chantiers de r\u00e9novation, d\u2019\u00e9l\u00e9ments importants du patrimoine b\u00e2ti ancien ou de cr\u00e9ations architecturales contemporaines. Conduites, par les responsables des chantiers ou des op\u00e9rations d\u00e9j\u00e0 men\u00e9es, elles permettent une perception, en profondeur des probl\u00e8mes.<\/strong><\/li>\n\n\n\n<li><strong>Participer aux grands d\u00e9bats autour du patrimoine et des probl\u00e8mes urbains, gr\u00e2ce \u00e0 des conf\u00e9rences th\u00e9matiques.<\/strong><\/li>\n<\/ul>\n\n\n\n<p><strong>L\u2019association Avenir &amp; Patrimoine a cr\u00e9\u00e9 un espace de discussion, o\u00f9 \u00ab\u00a0sp\u00e9cialistes\u00a0\u00bb et \u00ab\u00a0amateurs\u00a0\u00bb se rencontrent et d\u00e9battent des r\u00e9alisations architecturales et des questions relatives \u00e0 la compr\u00e9hension de la conservation, du traitement et de l\u2019utilisation du patrimoine b\u00e2ti et naturel.<br>En \u00e9troite relation avec l\u2019Association des Architectes du Patrimoine (dipl\u00f4m\u00e9s de l\u2019\u00c9cole de Chaillot), sont organis\u00e9es des visites de chantiers, \u00e0 diff\u00e9rentes \u00e9tapes de leur avancement, de chantiers de restauration, d\u2019am\u00e9nagement et de constructions neuves, ainsi que de quartiers de villes ou de sites naturels.<br>L\u2019association Avenir &amp; Patrimoine organise des journ\u00e9es, des week-ends et des voyages en France et \u00e0 l\u2019\u00e9tranger, permettant d\u2019appr\u00e9hender concr\u00e8tement sur le terrain, avec les sp\u00e9cialistes, et les responsables, les probl\u00e9matiques architecturales, urbaines et paysag\u00e8res et les r\u00e9ponses apport\u00e9es par les acteurs qu\u2019ils soient ma\u00eetres d\u2019ouvrage, ma\u00eetres d\u2019\u0153uvre ou professionnels du b\u00e2ti.<\/strong><\/p>\n\n\n\n<h3 class=\"wp-block-heading\"><strong>Les r\u00e9centes visites <\/strong><\/h3>\n\n\n\n<ul class=\"wp-block-list\">\n<li><strong>Visites de chantier sur les r\u00e9novations : du Th\u00e9\u00e2tre de l&rsquo;Od\u00e9on, du Grand Palais et du Petit Palais, du 104, du Palais Roland Bonaparte, du Stade Jean Bouin &#8230;<\/strong><\/li>\n\n\n\n<li><strong>Visites sur les diff\u00e9rents sites de la ZAC-rive gauche, le nouveau show-room Citro\u00ebn sur les Champs Elys\u00e9es, le Palais d&rsquo;I\u00e9na, l&rsquo;Historial des Invalides, la M\u00e9diath\u00e8que Marguerite Yourcenar, la Cit\u00e9 de la Mode et du Design, les travaux de restauration de l&rsquo;Ecole des Beaux-arts, la r\u00e9novation du complexe sportif Youri Gagarine, \u00e0 Villejuif, par les architectes, ou les responsables des entreprises, en charge des r\u00e9alisations.<\/strong><\/li>\n\n\n\n<li><strong>Plusieurs week-ends patrimoniaux se sont d\u00e9roul\u00e9s \u00e0 Aix-en-Provence, Nantes, La Charit\u00e9 sur Loire et Nevers, Beauvais, Montpellier, Amiens, Bourges, Poitiers, Strasbourg, Rouen, &#8230;<\/strong><\/li>\n<\/ul>\n\n\n\n<h2 class=\"wp-block-heading\">Les responsables<\/h2>\n\n\n\n<h3 class=\"wp-block-heading\"><strong>Burea<\/strong>u<\/h3>\n\n\n\n<p><strong>Philippe Prost, <\/strong>Pr\u00e9sident, Architecte du Patrimoine, Professeur \u00e0 l&rsquo;E.N.S. \u00e0 Paris-Belleville<br><strong>Antoine Cassan,<\/strong> Vice-Pr\u00e9sident Mireille Guignard, Secr\u00e9taire G\u00e9n\u00e9rale<br><strong>Bernadette M. Gradis<\/strong>, Secr\u00e9taire<br><strong>Alain Bresard, <\/strong>Tr\u00e9sorier<\/p>\n\n\n\n<h3 class=\"wp-block-heading\"><strong>Administrateurs<\/strong><\/h3>\n\n\n\n<p><strong>Fran\u00e7ois Chatillon, <\/strong>Architecte en Chef des Monuments Historiques<br><strong>Pierre Cl\u00e9ment, <\/strong>Architecte Vice-Pr\u00e9sident Arte Charpentier<br><strong>Bertrand Lekieffre, <\/strong>Pr\u00e9sident de SICRA<br><strong>L\u00e9opold Lombard, <\/strong>Directeur des Relations avec l\u2019Architecture chez Lafarge<\/p>\n\n\n\n<p><\/p>\n","protected":false},"excerpt":{"rendered":"<p>Pr\u00e9sentation de l\u2019association Avenir &amp; Patrimoine La vie de l&rsquo;association est structur\u00e9e autour des objectifs suivants : L\u2019association Avenir &amp; [&hellip;]<\/p>\n","protected":false},"author":1,"featured_media":0,"parent":0,"menu_order":0,"comment_status":"closed","ping_status":"closed","template":"","meta":{"site-sidebar-layout":"default","site-content-layout":"","ast-site-content-layout":"default","site-content-style":"default","site-sidebar-style":"default","ast-global-header-display":"","ast-banner-title-visibility":"","ast-main-header-display":"","ast-hfb-above-header-display":"","ast-hfb-below-header-display":"","ast-hfb-mobile-header-display":"","site-post-title":"","ast-breadcrumbs-content":"","ast-featured-img":"","footer-sml-layout":"","ast-disable-related-posts":"","theme-transparent-header-meta":"","adv-header-id-meta":"","stick-header-meta":"","header-above-stick-meta":"","header-main-stick-meta":"","header-below-stick-meta":"","astra-migrate-meta-layouts":"default","ast-page-background-enabled":"default","ast-page-background-meta":{"desktop":{"background-color":"var(--ast-global-color-5)","background-image":"","background-repeat":"repeat","background-position":"center center","background-size":"auto","background-attachment":"scroll","background-type":"","background-media":"","overlay-type":"","overlay-color":"","overlay-opacity":"","overlay-gradient":""},"tablet":{"background-color":"","background-image":"","background-repeat":"repeat","background-position":"center center","background-size":"auto","background-attachment":"scroll","background-type":"","background-media":"","overlay-type":"","overlay-color":"","overlay-opacity":"","overlay-gradient":""},"mobile":{"background-color":"","background-image":"","background-repeat":"repeat","background-position":"center center","background-size":"auto","background-attachment":"scroll","background-type":"","background-media":"","overlay-type":"","overlay-color":"","overlay-opacity":"","overlay-gradient":""}},"ast-content-background-meta":{"desktop":{"background-color":"var(--ast-global-color-4)","background-image":"","background-repeat":"repeat","background-position":"center center","background-size":"auto","background-attachment":"scroll","background-type":"","background-media":"","overlay-type":"","overlay-color":"","overlay-opacity":"","overlay-gradient":""},"tablet":{"background-color":"var(--ast-global-color-4)","background-image":"","background-repeat":"repeat","background-position":"center center","background-size":"auto","background-attachment":"scroll","background-type":"","background-media":"","overlay-type":"","overlay-color":"","overlay-opacity":"","overlay-gradient":""},"mobile":{"background-color":"var(--ast-global-color-4)","background-image":"","background-repeat":"repeat","background-position":"center center","background-size":"auto","background-attachment":"scroll","background-type":"","background-media":"","overlay-type":"","overlay-color":"","overlay-opacity":"","overlay-gradient":""}},"footnotes":""},"class_list":["post-74","page","type-page","status-publish","hentry"],"_links":{"self":[{"href":"https:\/\/www.avenir-patrimoine.fr\/index.php\/wp-json\/wp\/v2\/pages\/74","targetHints":{"allow":["GET"]}}],"collection":[{"href":"https:\/\/www.avenir-patrimoine.fr\/index.php\/wp-json\/wp\/v2\/pages"}],"about":[{"href":"https:\/\/www.avenir-patrimoine.fr\/index.php\/wp-json\/wp\/v2\/types\/page"}],"author":[{"embeddable":true,"href":"https:\/\/www.avenir-patrimoine.fr\/index.php\/wp-json\/wp\/v2\/users\/1"}],"replies":[{"embeddable":true,"href":"https:\/\/www.avenir-patrimoine.fr\/index.php\/wp-json\/wp\/v2\/comments?post=74"}],"version-history":[{"count":6,"href":"https:\/\/www.avenir-patrimoine.fr\/index.php\/wp-json\/wp\/v2\/pages\/74\/revisions"}],"predecessor-version":[{"id":181,"href":"https:\/\/www.avenir-patrimoine.fr\/index.php\/wp-json\/wp\/v2\/pages\/74\/revisions\/181"}],"wp:attachment":[{"href":"https:\/\/www.avenir-patrimoine.fr\/index.php\/wp-json\/wp\/v2\/media?parent=74"}],"curies":[{"name":"wp","href":"https:\/\/api.w.org\/{rel}","templated":true}]}}