{"id":77,"date":"2026-03-22T10:08:09","date_gmt":"2026-03-22T10:08:09","guid":{"rendered":"http:\/\/hqndhhp.cluster100.hosting.ovh.net\/?page_id=77"},"modified":"2026-03-22T17:27:49","modified_gmt":"2026-03-22T17:27:49","slug":"statuts-de-lassociation","status":"publish","type":"page","link":"https:\/\/www.avenir-patrimoine.fr\/index.php\/statuts-de-lassociation\/","title":{"rendered":"Statuts de l&rsquo;Association"},"content":{"rendered":"\n<figure class=\"wp-block-image alignfull size-large\"><img loading=\"lazy\" decoding=\"async\" width=\"1024\" height=\"384\" src=\"http:\/\/hqndhhp.cluster100.hosting.ovh.net\/wp-content\/uploads\/2026\/03\/statuts-association-1024x384.jpg\" alt=\"\" class=\"wp-image-172\" srcset=\"https:\/\/www.avenir-patrimoine.fr\/wp-content\/uploads\/2026\/03\/statuts-association-1024x384.jpg 1024w, https:\/\/www.avenir-patrimoine.fr\/wp-content\/uploads\/2026\/03\/statuts-association-300x113.jpg 300w, https:\/\/www.avenir-patrimoine.fr\/wp-content\/uploads\/2026\/03\/statuts-association-768x288.jpg 768w, https:\/\/www.avenir-patrimoine.fr\/wp-content\/uploads\/2026\/03\/statuts-association-1536x576.jpg 1536w, https:\/\/www.avenir-patrimoine.fr\/wp-content\/uploads\/2026\/03\/statuts-association.jpg 1600w\" sizes=\"auto, (max-width: 1024px) 100vw, 1024px\" \/><\/figure>\n\n\n\n<p><strong>Statuts de l&rsquo;association Avenir et Patrimoine<\/strong><\/p>\n\n\n\n<p><strong>Article I<\/strong> &#8211;&nbsp; Il est fond\u00e9 entre les adh\u00e9rents aux pr\u00e9sents statuts, une association r\u00e9gie par la loi<br>du 1er juillet 1901 et le d\u00e9cret du 16 ao\u00fbt 1901, ayant pour titre \u00ab\u00a0Avenir &amp; Patrimoine\u00a0\u00bb.&nbsp;<\/p>\n\n\n\n<p><strong>Article II<\/strong> &#8211; Cette association a pour but l&rsquo;organisation de conf\u00e9rences, s\u00e9minaires, stages,<br>rencontres et toutes autres activit\u00e9s ayant pour objet le patrimoine architectural, urbain, et&nbsp;&nbsp;&nbsp;&nbsp;&nbsp;&nbsp;&nbsp;&nbsp;<br>paysager, et particuli\u00e8rement les connaissances et savoir-faire qui lui sont li\u00e9s.<\/p>\n\n\n\n<p><strong>Article Ill<\/strong> &#8211; Si\u00e8ge social &#8211; Le si\u00e8ge social est fix\u00e9 au 18 rue Jean Goujon 75008 Paris.<br>Il pourra \u00eatre transf\u00e9r\u00e9 par simple d\u00e9cision du conseil d&rsquo;administration.<\/p>\n\n\n\n<p><strong>Article IV <\/strong>&#8211; L&rsquo;association se compose de :<br>a) Membres fondateurs<br>b) Membres d\u2019honneur<br>c) Membres bienfaiteurs<br>d) Membres actifs<br>Le conseil d&rsquo;administration compte les membres d&rsquo;honneur. Ceux-ci sont dispens\u00e9s de&nbsp;&nbsp;&nbsp;&nbsp;&nbsp;&nbsp;&nbsp;&nbsp;&nbsp;&nbsp;&nbsp;&nbsp;&nbsp;&nbsp;&nbsp;<br>cotisation.<br>Sont membres actifs ceux qui ont acquitt\u00e9 la cotisation annuelle, fix\u00e9e chaque ann\u00e9e<br>par l&rsquo;assembl\u00e9e g\u00e9n\u00e9rale.<br>Sont membres bienfaiteurs les personnes qui versent \u00e0 l&rsquo;association une cotisation minimum<br>dont le montant est fix\u00e9 chaque ann\u00e9e par l&rsquo;assembl\u00e9e g\u00e9n\u00e9rale.<\/p>\n\n\n\n<p><strong>Article V<\/strong> &#8211; Radiation &#8211; La qualit\u00e9 de membre se perd par :<br>a) La d\u00e9mission<br>b) Le d\u00e9c\u00e8s<br>c) La radiation, prononc\u00e9e par le conseil d&rsquo;administration,&nbsp; pour non-paiement de la cotisation<br>ou pour motif grave.<\/p>\n\n\n\n<p><strong>Article VI<\/strong> &#8211; Les ressources de l&rsquo;association comprennent :<br>1\u00b0) &#8211; Le montant des cotisations et des droits d&rsquo;acc\u00e8s aux manifestations<br>2\u00b0) &#8211; Les subventions de 1&rsquo;Etat, des organisations internationales et communautaires,<br>des r\u00e9gions, des d\u00e9partements, des communes et de leurs \u00e9tablissements publics ainsi<br>que des dons priv\u00e9s<br>3\u00b0) &#8211; Toutes autres ressources conformes aux dispositions l\u00e9gislatives et r\u00e9glementaires.<\/p>\n\n\n\n<p><strong>Article VII<\/strong> &#8211; Conseil d&rsquo;administration &#8211; Le conseil d&rsquo;administration est compos\u00e9 d&rsquo;un maximum de onze personnes dont les membres fondateurs et des membres \u00e9lus pour trois ans,<br>renouvelables par l&rsquo;assembl\u00e9e g\u00e9n\u00e9rale. Le conseil d&rsquo;administration choisit parmi ses<br>membres, au scrutin secret, un bureau compos\u00e9 de :<\/p>\n\n\n\n<ul class=\"wp-block-list\">\n<li>Un pr\u00e9sident<\/li>\n\n\n\n<li>Un vice-pr\u00e9sident<\/li>\n\n\n\n<li>Un secr\u00e9taire g\u00e9n\u00e9ral &nbsp;<\/li>\n\n\n\n<li>Un tr\u00e9sorier<\/li>\n<\/ul>\n\n\n\n<p>&nbsp;&nbsp;&nbsp; Le pr\u00e9sident peut d\u00e9l\u00e9guer \u00e0 un membre du bureau certains de ses pouvoirs.<\/p>\n\n\n\n<p><strong>Article VIII<\/strong> &#8211; R\u00e9union du conseil d&rsquo;administration \u2013 Le conseil d\u2019administration se r\u00e9unit au moins deux fois par an, sur convocation du pr\u00e9sident, ou sur la demande du quart de ses membres.&nbsp;&nbsp;&nbsp;&nbsp;&nbsp;&nbsp;&nbsp;&nbsp;&nbsp;&nbsp;&nbsp;&nbsp;&nbsp;&nbsp;<br>Les d\u00e9cisions sont prises \u00e0 la majorit\u00e9 des voix, des membres pr\u00e9sents ou repr\u00e9sent\u00e9s ;&nbsp;<br>en cas de partage, la voix du pr\u00e9sident est pr\u00e9pond\u00e9rante. Tout membre du comit\u00e9 qui,&nbsp;sans excuse, n\u2019aura pas assist\u00e9 \u00e0 trois r\u00e9unions cons\u00e9cutives, pourra \u00eatre consid\u00e9r\u00e9<br>comme d\u00e9missionnaire.<\/p>\n\n\n\n<p><strong>Article IX<\/strong> &#8211; Assembl\u00e9e g\u00e9n\u00e9rale ordinaire &#8211; L&rsquo;assembl\u00e9e g\u00e9n\u00e9rale ordinaire comprend tous les&nbsp;&nbsp;&nbsp;<br>membres de l&rsquo;association, \u00e0 quelque titre qu&rsquo;ils y soient affili\u00e9s. L\u2019assembl\u00e9e g\u00e9n\u00e9rale<br>ordinaire se r\u00e9unie une fois par an.<br>Quinze jours au moins avant la date pr\u00e9vue, les membres de l&rsquo;association sont convoqu\u00e9s&nbsp;<br>par les soins du pr\u00e9sident. L&rsquo;ordre du jour est fix\u00e9 par le bureau et indiqu\u00e9 sur les<br>convocations.<br>Le pr\u00e9sident, assist\u00e9 des membres du bureau, pr\u00e9side l&rsquo;assembl\u00e9e et expose la situation<br>morale de l&rsquo;association.<br>Le tr\u00e9sorier rend compte de sa gestion et soumet le bilan \u00e0 l\u2019approbation de l\u2019assembl\u00e9e.<br>Il est proc\u00e9d\u00e9, apr\u00e8s \u00e9puisement de l&rsquo;ordre du jour, le cas \u00e9ch\u00e9ant, au remplacement, au&nbsp;<br>scrutin secret, des membres du conseil sortants.<br>Ne sont trait\u00e9es, lors de l&rsquo;assembl\u00e9e g\u00e9n\u00e9rale, que les questions soumises \u00e0 l&rsquo;ordre du jour.<\/p>\n\n\n\n<p><strong>Article X<\/strong> &#8211; Assembl\u00e9e g\u00e9n\u00e9rale extraordinaire &#8211; Sur demande du conseil d\u2019administration ou de la&nbsp; moiti\u00e9 plus. un des membres de l&rsquo;association, le pr\u00e9sident convoque une assembl\u00e9e<br>g\u00e9n\u00e9rale extraordinaire. Son ordre du jour doit \u00eatre adress\u00e9 aux membres un mois avant la<br>date de la r\u00e9union.<br>-L&rsquo;assembl\u00e9e g\u00e9n\u00e9rale extraordinaire peut \u00eatre saisie d&rsquo;une proposition de modification des<br>statuts qui, pour-\u00eatre adopt\u00e9e, doit \u00eatre vot\u00e9e \u00e0 la majorit\u00e9 des deux tiers des membres<br>pr\u00e9sents ou repr\u00e9sent\u00e9s.<\/p>\n\n\n\n<p><strong>Article XI<\/strong> -.R\u00e8glement&nbsp; int\u00e9rieur &#8211; Un r\u00e8glement int\u00e9rieur peur \u00eatre \u00e9tabli par le conseil d&rsquo;administration qui le fait alors, approuver par l\u2019assembl\u00e9e g\u00e9n\u00e9rale.<br>Ce r\u00e8glement \u00e9ventuel est-destin\u00e9 \u00e0 fixer divers points, non pr\u00e9vus par les statuts,<br>notamment, ceux qui ont trait \u00e0 l&rsquo;administration interne de l\u2019association.<br>Le pr\u00e9sident ou son secr\u00e9taire g\u00e9n\u00e9ral doit faire conna\u00eetre, dans les trois mois, \u00e0 la<br>Pr\u00e9fecture de Paris, tous les changements survenus dans l&rsquo;administration de l\u2019association.<\/p>\n\n\n\n<p><strong>Article XII<\/strong>&#8211; Dissolution &#8211; En cas de dissolution prononc\u00e9e par les deux tiers au moins des membres pr\u00e9sents ou repr\u00e9sent\u00e9s \u00e0 l&rsquo;assembl\u00e9e g\u00e9n\u00e9rale extraordinaire, un ou plusieurs<br>liquidateurs sont nomm\u00e9s par celle-ci et l&rsquo;actif, s\u2019il y a lieu, est d\u00e9volu conform\u00e9ment \u00e0<br>l&rsquo;article 9 de la loi du 1er juillet 1901 et au d\u00e9cret du 16 ao\u00fbt&nbsp; 1901.<\/p>\n\n\n\n<p>( Publi\u00e9 au Journal Officiel le 11\/06\/2005 )<\/p>\n","protected":false},"excerpt":{"rendered":"<p>Statuts de l&rsquo;association Avenir et Patrimoine Article I &#8211;&nbsp; Il est fond\u00e9 entre les adh\u00e9rents aux pr\u00e9sents statuts, une association [&hellip;]<\/p>\n","protected":false},"author":1,"featured_media":0,"parent":0,"menu_order":0,"comment_status":"closed","ping_status":"closed","template":"","meta":{"site-sidebar-layout":"default","site-content-layout":"","ast-site-content-layout":"default","site-content-style":"default","site-sidebar-style":"default","ast-global-header-display":"","ast-banner-title-visibility":"","ast-main-header-display":"","ast-hfb-above-header-display":"","ast-hfb-below-header-display":"","ast-hfb-mobile-header-display":"","site-post-title":"","ast-breadcrumbs-content":"","ast-featured-img":"","footer-sml-layout":"","ast-disable-related-posts":"","theme-transparent-header-meta":"","adv-header-id-meta":"","stick-header-meta":"","header-above-stick-meta":"","header-main-stick-meta":"","header-below-stick-meta":"","astra-migrate-meta-layouts":"default","ast-page-background-enabled":"default","ast-page-background-meta":{"desktop":{"background-color":"var(--ast-global-color-5)","background-image":"","background-repeat":"repeat","background-position":"center center","background-size":"auto","background-attachment":"scroll","background-type":"","background-media":"","overlay-type":"","overlay-color":"","overlay-opacity":"","overlay-gradient":""},"tablet":{"background-color":"","background-image":"","background-repeat":"repeat","background-position":"center center","background-size":"auto","background-attachment":"scroll","background-type":"","background-media":"","overlay-type":"","overlay-color":"","overlay-opacity":"","overlay-gradient":""},"mobile":{"background-color":"","background-image":"","background-repeat":"repeat","background-position":"center center","background-size":"auto","background-attachment":"scroll","background-type":"","background-media":"","overlay-type":"","overlay-color":"","overlay-opacity":"","overlay-gradient":""}},"ast-content-background-meta":{"desktop":{"background-color":"var(--ast-global-color-4)","background-image":"","background-repeat":"repeat","background-position":"center center","background-size":"auto","background-attachment":"scroll","background-type":"","background-media":"","overlay-type":"","overlay-color":"","overlay-opacity":"","overlay-gradient":""},"tablet":{"background-color":"var(--ast-global-color-4)","background-image":"","background-repeat":"repeat","background-position":"center center","background-size":"auto","background-attachment":"scroll","background-type":"","background-media":"","overlay-type":"","overlay-color":"","overlay-opacity":"","overlay-gradient":""},"mobile":{"background-color":"var(--ast-global-color-4)","background-image":"","background-repeat":"repeat","background-position":"center center","background-size":"auto","background-attachment":"scroll","background-type":"","background-media":"","overlay-type":"","overlay-color":"","overlay-opacity":"","overlay-gradient":""}},"footnotes":""},"class_list":["post-77","page","type-page","status-publish","hentry"],"_links":{"self":[{"href":"https:\/\/www.avenir-patrimoine.fr\/index.php\/wp-json\/wp\/v2\/pages\/77","targetHints":{"allow":["GET"]}}],"collection":[{"href":"https:\/\/www.avenir-patrimoine.fr\/index.php\/wp-json\/wp\/v2\/pages"}],"about":[{"href":"https:\/\/www.avenir-patrimoine.fr\/index.php\/wp-json\/wp\/v2\/types\/page"}],"author":[{"embeddable":true,"href":"https:\/\/www.avenir-patrimoine.fr\/index.php\/wp-json\/wp\/v2\/users\/1"}],"replies":[{"embeddable":true,"href":"https:\/\/www.avenir-patrimoine.fr\/index.php\/wp-json\/wp\/v2\/comments?post=77"}],"version-history":[{"count":6,"href":"https:\/\/www.avenir-patrimoine.fr\/index.php\/wp-json\/wp\/v2\/pages\/77\/revisions"}],"predecessor-version":[{"id":175,"href":"https:\/\/www.avenir-patrimoine.fr\/index.php\/wp-json\/wp\/v2\/pages\/77\/revisions\/175"}],"wp:attachment":[{"href":"https:\/\/www.avenir-patrimoine.fr\/index.php\/wp-json\/wp\/v2\/media?parent=77"}],"curies":[{"name":"wp","href":"https:\/\/api.w.org\/{rel}","templated":true}]}}