{"id":79,"date":"2026-03-22T10:11:42","date_gmt":"2026-03-22T10:11:42","guid":{"rendered":"http:\/\/hqndhhp.cluster100.hosting.ovh.net\/?page_id=79"},"modified":"2026-04-21T09:57:35","modified_gmt":"2026-04-21T09:57:35","slug":"inscription","status":"publish","type":"page","link":"https:\/\/www.avenir-patrimoine.fr\/index.php\/inscription\/","title":{"rendered":"S&rsquo;inscrire \u00e0 l&rsquo;Association"},"content":{"rendered":"\n<figure class=\"wp-block-image size-large\"><img loading=\"lazy\" decoding=\"async\" width=\"1024\" height=\"384\" src=\"http:\/\/hqndhhp.cluster100.hosting.ovh.net\/wp-content\/uploads\/2026\/03\/architecture-Franck-Gehry-1024x384.jpg\" alt=\"\" class=\"wp-image-90\" srcset=\"https:\/\/www.avenir-patrimoine.fr\/wp-content\/uploads\/2026\/03\/architecture-Franck-Gehry-1024x384.jpg 1024w, https:\/\/www.avenir-patrimoine.fr\/wp-content\/uploads\/2026\/03\/architecture-Franck-Gehry-300x113.jpg 300w, https:\/\/www.avenir-patrimoine.fr\/wp-content\/uploads\/2026\/03\/architecture-Franck-Gehry-768x288.jpg 768w, https:\/\/www.avenir-patrimoine.fr\/wp-content\/uploads\/2026\/03\/architecture-Franck-Gehry-1536x576.jpg 1536w, https:\/\/www.avenir-patrimoine.fr\/wp-content\/uploads\/2026\/03\/architecture-Franck-Gehry.jpg 1600w\" sizes=\"auto, (max-width: 1024px) 100vw, 1024px\" \/><\/figure>\n\n\n\n<p><strong>Vous souhaitez adh\u00e9rer \u00e0 l&rsquo;association Avenir &amp; Patrimoine ?<br>Retrouvez ci-dessous nos formulaires d&rsquo;inscription<\/strong> (\u00e0 t\u00e9l\u00e9charger en version Word ou PDF)<br><strong><br>Tarifs 2026<\/strong><br><strong>Vous avez la possibilit\u00e9 de vous inscrire en tant que <\/strong><br><strong>Membre \u00e9tudiant\u00a0: 15\u20ac\u00a0\u00a0\u00a0\u00a0\u00a0\u00a0\u00a0<\/strong><br><strong>Membre actif : 50 \u20ac\u00a0\u00a0\u00a0\u00a0\u00a0<\/strong><br><strong>Membre bienfaiteur : 150 \u20ac\u00a0\u00a0 <br>Membre d\u2019Honneur : \u00e0 partir de 300 \u20ac\u00a0 \u00a0\u00a0\u00a0\u00a0\u00a0\u00a0\u00a0\u00a0\u00a0\u00a0<\/strong><br><strong>Pour les membres de l\u2019association : demi-tarif pour\u00a0 les visites et les week-ends\u00a0<br>Pour les membres \u00e9tudiants\u00a0: gratuit\u00e9 pour les visite<\/strong>s et <strong>pour les week-ends<\/strong><br><em>Inscription valable 1 an (calendaire).<\/em><\/p>\n\n\n\n<div class=\"wp-block-buttons is-layout-flex wp-block-buttons-is-layout-flex\">\n<div class=\"wp-block-button\"><a class=\"wp-block-button__link wp-element-button\" href=\"http:\/\/www.avenir-patrimoine.fr\/wp-content\/uploads\/2026\/04\/AVENIR-PATRIMOINE-inscription.docx\">T\u00e9l\u00e9chargez le bulletin d\u2019inscription en version word<\/a><\/div>\n\n\n\n<div class=\"wp-block-button\"><a class=\"wp-block-button__link wp-element-button\" href=\"https:\/\/www.avenir-patrimoine.fr\/wp-content\/uploads\/2026\/04\/AVENIR-PATRIMOINE-inscription.pdf\">T\u00e9l\u00e9chargez le bulletin d\u2019inscription en version Pdf<\/a><\/div>\n<\/div>\n\n\n\n<p>Pour toutes questions veuillez contactez <a href=\"mailto:bernadette.gradis@gmail.com\"><strong>bernadette.gradis@gmail.com<\/strong><\/a><\/p>\n\n\n\n<p><\/p>\n","protected":false},"excerpt":{"rendered":"<p>Vous souhaitez adh\u00e9rer \u00e0 l&rsquo;association Avenir &amp; Patrimoine ?Retrouvez ci-dessous nos formulaires d&rsquo;inscription (\u00e0 t\u00e9l\u00e9charger en version Word ou PDF)Tarifs [&hellip;]<\/p>\n","protected":false},"author":1,"featured_media":0,"parent":0,"menu_order":0,"comment_status":"closed","ping_status":"closed","template":"","meta":{"site-sidebar-layout":"default","site-content-layout":"","ast-site-content-layout":"default","site-content-style":"default","site-sidebar-style":"default","ast-global-header-display":"","ast-banner-title-visibility":"","ast-main-header-display":"","ast-hfb-above-header-display":"","ast-hfb-below-header-display":"","ast-hfb-mobile-header-display":"","site-post-title":"","ast-breadcrumbs-content":"","ast-featured-img":"","footer-sml-layout":"","ast-disable-related-posts":"","theme-transparent-header-meta":"","adv-header-id-meta":"","stick-header-meta":"","header-above-stick-meta":"","header-main-stick-meta":"","header-below-stick-meta":"","astra-migrate-meta-layouts":"default","ast-page-background-enabled":"default","ast-page-background-meta":{"desktop":{"background-color":"var(--ast-global-color-5)","background-image":"","background-repeat":"repeat","background-position":"center center","background-size":"auto","background-attachment":"scroll","background-type":"","background-media":"","overlay-type":"","overlay-color":"","overlay-opacity":"","overlay-gradient":""},"tablet":{"background-color":"","background-image":"","background-repeat":"repeat","background-position":"center center","background-size":"auto","background-attachment":"scroll","background-type":"","background-media":"","overlay-type":"","overlay-color":"","overlay-opacity":"","overlay-gradient":""},"mobile":{"background-color":"","background-image":"","background-repeat":"repeat","background-position":"center center","background-size":"auto","background-attachment":"scroll","background-type":"","background-media":"","overlay-type":"","overlay-color":"","overlay-opacity":"","overlay-gradient":""}},"ast-content-background-meta":{"desktop":{"background-color":"var(--ast-global-color-4)","background-image":"","background-repeat":"repeat","background-position":"center center","background-size":"auto","background-attachment":"scroll","background-type":"","background-media":"","overlay-type":"","overlay-color":"","overlay-opacity":"","overlay-gradient":""},"tablet":{"background-color":"var(--ast-global-color-4)","background-image":"","background-repeat":"repeat","background-position":"center center","background-size":"auto","background-attachment":"scroll","background-type":"","background-media":"","overlay-type":"","overlay-color":"","overlay-opacity":"","overlay-gradient":""},"mobile":{"background-color":"var(--ast-global-color-4)","background-image":"","background-repeat":"repeat","background-position":"center center","background-size":"auto","background-attachment":"scroll","background-type":"","background-media":"","overlay-type":"","overlay-color":"","overlay-opacity":"","overlay-gradient":""}},"footnotes":""},"class_list":["post-79","page","type-page","status-publish","hentry"],"_links":{"self":[{"href":"https:\/\/www.avenir-patrimoine.fr\/index.php\/wp-json\/wp\/v2\/pages\/79","targetHints":{"allow":["GET"]}}],"collection":[{"href":"https:\/\/www.avenir-patrimoine.fr\/index.php\/wp-json\/wp\/v2\/pages"}],"about":[{"href":"https:\/\/www.avenir-patrimoine.fr\/index.php\/wp-json\/wp\/v2\/types\/page"}],"author":[{"embeddable":true,"href":"https:\/\/www.avenir-patrimoine.fr\/index.php\/wp-json\/wp\/v2\/users\/1"}],"replies":[{"embeddable":true,"href":"https:\/\/www.avenir-patrimoine.fr\/index.php\/wp-json\/wp\/v2\/comments?post=79"}],"version-history":[{"count":19,"href":"https:\/\/www.avenir-patrimoine.fr\/index.php\/wp-json\/wp\/v2\/pages\/79\/revisions"}],"predecessor-version":[{"id":476,"href":"https:\/\/www.avenir-patrimoine.fr\/index.php\/wp-json\/wp\/v2\/pages\/79\/revisions\/476"}],"wp:attachment":[{"href":"https:\/\/www.avenir-patrimoine.fr\/index.php\/wp-json\/wp\/v2\/media?parent=79"}],"curies":[{"name":"wp","href":"https:\/\/api.w.org\/{rel}","templated":true}]}}